{"id":2040,"date":"2024-03-11T10:34:12","date_gmt":"2024-03-11T08:34:12","guid":{"rendered":"https:\/\/moisolar.com\/?page_id=2040"},"modified":"2024-03-11T14:21:02","modified_gmt":"2024-03-11T12:21:02","slug":"privacy-policy","status":"publish","type":"page","link":"https:\/\/moisolar.com\/fi\/tietosuojakaytanto\/","title":{"rendered":"Tietosuojak\u00e4yt\u00e4nt\u00f6"},"content":{"rendered":"<div data-elementor-type=\"wp-page\" data-elementor-id=\"2040\" class=\"elementor elementor-2040\" data-elementor-post-type=\"page\">\n\t\t\t\t\t\t<section class=\"elementor-section elementor-top-section elementor-element elementor-element-7af6680 elementor-section-boxed elementor-section-height-default elementor-section-height-default wpr-particle-no wpr-jarallax-no wpr-parallax-no wpr-sticky-section-no\" data-id=\"7af6680\" data-element_type=\"section\">\n\t\t\t\t\t\t<div class=\"elementor-container elementor-column-gap-default\">\n\t\t\t\t\t<div class=\"elementor-column elementor-col-100 elementor-top-column elementor-element elementor-element-1d60aee\" data-id=\"1d60aee\" data-element_type=\"column\">\n\t\t\t<div class=\"elementor-widget-wrap elementor-element-populated\">\n\t\t\t\t\t\t<div class=\"elementor-element elementor-element-89c4a6b elementor-widget elementor-widget-heading\" data-id=\"89c4a6b\" data-element_type=\"widget\" data-widget_type=\"heading.default\">\n\t\t\t\t<div class=\"elementor-widget-container\">\n\t\t\t\t\t<h1 class=\"elementor-heading-title elementor-size-default\">Tietosuojak\u00e4yt\u00e4nt\u00f6<\/h1>\t\t\t\t<\/div>\n\t\t\t\t<\/div>\n\t\t\t\t\t<\/div>\n\t\t<\/div>\n\t\t\t\t\t<\/div>\n\t\t<\/section>\n\t\t\t\t<section class=\"elementor-section elementor-top-section elementor-element elementor-element-e51a77d elementor-section-boxed elementor-section-height-default elementor-section-height-default wpr-particle-no wpr-jarallax-no wpr-parallax-no wpr-sticky-section-no\" data-id=\"e51a77d\" data-element_type=\"section\">\n\t\t\t\t\t\t<div class=\"elementor-container elementor-column-gap-default\">\n\t\t\t\t\t<div class=\"elementor-column elementor-col-100 elementor-top-column elementor-element elementor-element-2216654\" data-id=\"2216654\" data-element_type=\"column\">\n\t\t\t<div class=\"elementor-widget-wrap elementor-element-populated\">\n\t\t\t\t\t\t<div class=\"elementor-element elementor-element-748f438 elementor-widget elementor-widget-heading\" data-id=\"748f438\" data-element_type=\"widget\" data-widget_type=\"heading.default\">\n\t\t\t\t<div class=\"elementor-widget-container\">\n\t\t\t\t\t<h2 class=\"elementor-heading-title elementor-size-default\">Tietosuojaseloste Aurinkopaneelien Kiinnitysj\u00e4rjestelm\u00e4n -laskurille<\/h2>\t\t\t\t<\/div>\n\t\t\t\t<\/div>\n\t\t\t\t<div class=\"elementor-element elementor-element-d98eb47 elementor-widget elementor-widget-text-editor\" data-id=\"d98eb47\" data-element_type=\"widget\" data-widget_type=\"text-editor.default\">\n\t\t\t\t<div class=\"elementor-widget-container\">\n\t\t\t\t\t\t\t\t\t<p>Tervetuloa Moisolar Oy:n Aurinkopaneelien Kiinnitysj\u00e4rjestelm\u00e4n -laskuriin. Yksityisyytesi on meille \u00e4\u00e4rimm\u00e4isen t\u00e4rke\u00e4\u00e4, ja sitoudumme suojelemaan sit\u00e4 noudattamalla yleist\u00e4 tietosuoja-asetusta (GDPR) ja muita sovellettavia tietosuojalakeja.<\/p><h3>Ker\u00e4\u00e4m\u00e4mme tiedot ja niiden k\u00e4ytt\u00f6tarkoitus<\/h3><p>P\u00e4\u00e4st\u00e4ksesi k\u00e4ytt\u00e4m\u00e4\u00e4n Solar Panel Fixture -laskuria, pyyd\u00e4mme sinua antamaan tiettyj\u00e4 henkil\u00f6tietoja, mukaan lukien:<\/p><ul><li>Nimi<\/li><li>Yrityksesi nimi<\/li><li>Puhelinnumero<\/li><li>S\u00e4hk\u00f6postiosoitteesi<\/li><\/ul><p>Ker\u00e4\u00e4mme n\u00e4it\u00e4 tietoja parantaaksemme k\u00e4ytt\u00f6kokemustasi, personoidaksemme viestint\u00e4\u00e4mme ja parantaaksemme palvelujamme. Erityisesti k\u00e4yt\u00e4mme n\u00e4it\u00e4 tietoja:<\/p><ul><li>Tarjotaksemme p\u00e4\u00e4syn laskuriimme<\/li><li>Ottaaksemme sinuun yhteytt\u00e4 p\u00e4ivityksill\u00e4, palveluilla tai tarjouksilla, jotka liittyv\u00e4t kiinnostuksen kohteisiisi<\/li><li>Parantaaksemme tuotteitamme ja palveluitamme<\/li><\/ul><h3>Henkil\u00f6tietojen k\u00e4sittelyn oikeusperuste<\/h3><p>K\u00e4sittelemme henkil\u00f6tietojasi seuraavien oikeusperusteiden mukaisesti:<\/p><ul><li><strong>Suostumus<\/strong>: Antamalla tietosi ja hyv\u00e4ksym\u00e4ll\u00e4 t\u00e4m\u00e4n politiikan, olet antanut nimenomaisen suostumuksesi henkil\u00f6tietojesi k\u00e4sittelyyn m\u00e4\u00e4riteltyihin tarkoituksiin.<\/li><li><strong>Oikeutetut edut<\/strong>: Voimme k\u00e4sitell\u00e4 tietojasi, kun se on kohtuullisesti tarpeen oikeutettujen liiketoimintaintressiemme saavuttamiseksi (esim. hallinnollisiin, petosten havaitsemiseen ja oikeudellisiin tarkoituksiin).<\/li><\/ul><h3>Tietojen jakaminen ja siirt\u00e4minen<\/h3><p>Moisolar Oy ei jaa henkil\u00f6tietojasi kolmansien osapuolien kanssa.<\/p><h3>Oikeutesi<\/h3><p>GDPR:n mukaan sinulla on erilaisia oikeuksia liittyen henkil\u00f6tietoihisi, mukaan lukien:<\/p><ul><li><strong>P\u00e4\u00e4sy<\/strong>: Voit pyyt\u00e4\u00e4 p\u00e4\u00e4sy\u00e4 henkil\u00f6tietoihin, joita meill\u00e4 on sinusta.<\/li><li><strong>Korjaus<\/strong>: Voit pyyt\u00e4\u00e4 virheellisten henkil\u00f6tietojesi korjaamista.<\/li><li><strong>Poisto<\/strong>: Voit pyyt\u00e4\u00e4 henkil\u00f6tietojesi poistamista meid\u00e4n rekistereist\u00e4mme.<\/li><li><strong>Vastustaminen<\/strong>: Voit vastustaa henkil\u00f6tietojesi k\u00e4sittely\u00e4.<\/li><li><strong>Rajoitus<\/strong>: Voit pyyt\u00e4\u00e4 henkil\u00f6tietojesi k\u00e4sittelyn rajoittamista.<\/li><li><strong>Siirrett\u00e4vyys<\/strong>: Voit pyyt\u00e4\u00e4 tietojesi siirt\u00e4mist\u00e4 toiselle organisaatiolle.<\/li><\/ul><h3>Tietoturva<\/h3><p>Sovellamme asianmukaisia teknisi\u00e4 ja organisatorisia toimenpiteit\u00e4 henkil\u00f6tietojesi suojaamiseksi luvattomalta tai laittomalta k\u00e4sittelylt\u00e4 sek\u00e4 vahingossa tapahtuvalta h\u00e4vi\u00e4miselt\u00e4, tuhoamiselta tai vahingoittumiselta.<\/p><h3>T\u00e4m\u00e4n politiikan muutokset<\/h3><p>Voimme p\u00e4ivitt\u00e4\u00e4 t\u00e4t\u00e4 politiikkaa ajoittain. Kannustamme sinua tarkistamaan t\u00e4m\u00e4n sivun s\u00e4\u00e4nn\u00f6llisesti mahdollisten muutosten varalta.<\/p><h3>Suostumus<\/h3><p>K\u00e4ytt\u00e4m\u00e4ll\u00e4 Aurinkopaneelien Kiinnitysj\u00e4rjestelm\u00e4n -laskuria ja antamalla henkil\u00f6tietosi, suostut ker\u00e4\u00e4miemme tietojen k\u00e4sittelyyn t\u00e4ss\u00e4 politiikassa kuvatulla tavalla.<\/p><h3>Ota yhteytt\u00e4<\/h3><p>Jos sinulla on kysytt\u00e4v\u00e4\u00e4 t\u00e4st\u00e4 politiikasta tai tietosuojak\u00e4yt\u00e4nn\u00f6ist\u00e4mme, ole hyv\u00e4 ja ota meihin yhteytt\u00e4:<\/p><p>Moisolar Oy\u00a0<\/p><p>Y-tunnus 3345172-1\u00a0<\/p><p>Tekniikantie 12, 02150 Espoo\u00a0<\/p><p>info@moisolar.com<\/p><p>+358 40 838 2368 (Joona Aitto-oja)<\/p>\t\t\t\t\t\t\t\t<\/div>\n\t\t\t\t<\/div>\n\t\t\t\t\t<\/div>\n\t\t<\/div>\n\t\t\t\t\t<\/div>\n\t\t<\/section>\n\t\t\t\t<\/div>","protected":false},"excerpt":{"rendered":"<p>Tietosuojaseloste Aurinkopaneelien kiinnityslaskurin tietosuojaseloste Tervetuloa Moisolar Oy:n aurinkopaneelien kiinnityslaskuriin. Yksityisyytesi on meille eritt\u00e4in t\u00e4rke\u00e4\u00e4, ja olemme sitoutuneet suojelemaan sit\u00e4 noudattamalla yleist\u00e4 tietosuoja-asetusta (GDPR) ja muita sovellettavia tietosuojalakeja. Ker\u00e4\u00e4m\u00e4mme tiedot ja miten k\u00e4yt\u00e4mme niit\u00e4 Jotta voisit k\u00e4ytt\u00e4\u00e4 aurinkopaneelien kiinnityslaskuria, pyyd\u00e4mme sinua antamaan tiettyj\u00e4 henkil\u00f6kohtaisia tietoja, mukaan lukien: N\u00e4m\u00e4 tiedot ker\u00e4t\u00e4\u00e4n, jotta voimme parantaa k\u00e4ytt\u00f6kokemustasi, personoida viestint\u00e4\u00e4mme ja parantaa palveluitamme. K\u00e4yt\u00e4mme n\u00e4it\u00e4 tietoja erityisesti seuraaviin tarkoituksiin: Laskurimme k\u00e4ytt\u00f6oikeuden tarjoamiseen Yhteydenottoon sinulle p\u00e4ivityksist\u00e4, palveluista tai tarjouksista, jotka liittyv\u00e4t kiinnostuksen kohteisiisi Tuotteidemme ja palveluidemme parantamiseen K\u00e4sittelyn oikeusperuste K\u00e4sittelemme henkil\u00f6tietojasi seuraavien oikeusperusteiden nojalla: Suostumus: Ilmoittamalla tietosi ja hyv\u00e4ksym\u00e4ll\u00e4 t\u00e4m\u00e4n k\u00e4yt\u00e4nn\u00f6n olet antanut vapaaehtoisesti nimenomaisen suostumuksesi siihen, ett\u00e4 voimme k\u00e4sitell\u00e4 henkil\u00f6tietojasi m\u00e4\u00e4riteltyihin tarkoituksiin. Oikeutettu etu: Voimme k\u00e4sitell\u00e4 tietojasi, kun se on kohtuullisen v\u00e4ltt\u00e4m\u00e4t\u00f6nt\u00e4 oikeutettujen liiketoimintaetujemme saavuttamiseksi (esim. hallinnollisiin, petosten havaitsemiseen ja oikeudellisiin tarkoituksiin). Tietojen jakaminen ja siirto Moisolar Oy ei jaa henkil\u00f6tietojasi kolmansille osapuolille. Oikeutesi Yleisen tietosuoja-asetuksen mukaan sinulla on erilaisia henkil\u00f6tietojasi koskevia oikeuksia, mm. seuraavat: P\u00e4\u00e4sy: Voit pyyt\u00e4\u00e4 p\u00e4\u00e4sy\u00e4 sinusta hallussamme oleviin henkil\u00f6tietoihin. Oikaisu: Voit pyyt\u00e4\u00e4 virheellisten henkil\u00f6tietojen korjaamista. Poistaminen: Voit pyyt\u00e4\u00e4 henkil\u00f6tietojesi poistamista arkistostamme. Vastalause: Voit vastustaa henkil\u00f6tietojesi k\u00e4sittely\u00e4. Rajoittaminen: Voit pyyt\u00e4\u00e4 henkil\u00f6tietojesi k\u00e4sittelyn rajoittamista. Tietojen siirrett\u00e4vyys: Voit pyyt\u00e4\u00e4 tietojesi siirt\u00e4mist\u00e4 toiseen organisaatioon. Tietoturva Toteutamme asianmukaisia teknisi\u00e4 ja organisatorisia toimenpiteit\u00e4 henkil\u00f6tietojesi suojaamiseksi luvattomalta tai laittomalta k\u00e4sittelylt\u00e4 sek\u00e4 vahingossa tapahtuvalta h\u00e4vi\u00e4miselt\u00e4, tuhoutumiselta tai vahingoittumiselta. Muutokset t\u00e4h\u00e4n k\u00e4yt\u00e4nt\u00f6\u00f6n Saatamme p\u00e4ivitt\u00e4\u00e4 t\u00e4t\u00e4 k\u00e4yt\u00e4nt\u00f6\u00e4 aika ajoin. Kehotamme sinua tarkistamaan t\u00e4m\u00e4n sivun s\u00e4\u00e4nn\u00f6llisesti mahdollisten muutosten varalta. Suostumus K\u00e4ytt\u00e4m\u00e4ll\u00e4 Aurinkopaneelien kiinnityslaskuria ja antamalla henkil\u00f6tietojasi annat suostumuksesi tietojesi ker\u00e4\u00e4miseen, k\u00e4ytt\u00f6\u00f6n ja jakamiseen t\u00e4ss\u00e4 politiikassa kuvatulla tavalla. Ota yhteytt\u00e4 Jos sinulla on kysytt\u00e4v\u00e4\u00e4 t\u00e4st\u00e4 k\u00e4yt\u00e4nn\u00f6st\u00e4 tai tietosuojak\u00e4yt\u00e4nn\u00f6ist\u00e4mme, ota meihin yhteytt\u00e4: Moisolar Oy Y-tunnus 3345172-1 Tekniikantie 12, 02150 Espoo info@moisolar.com +358 40 838 2368 (Joona Aitto-oja)<\/p>","protected":false},"author":1,"featured_media":0,"parent":0,"menu_order":0,"comment_status":"closed","ping_status":"closed","template":"","meta":{"om_disable_all_campaigns":false,"_mi_skip_tracking":false,"_monsterinsights_sitenote_active":false,"_monsterinsights_sitenote_note":"","_monsterinsights_sitenote_category":0,"site-sidebar-layout":"no-sidebar","site-content-layout":"page-builder","ast-site-content-layout":"full-width-container","site-content-style":"default","site-sidebar-style":"default","ast-global-header-display":"","ast-banner-title-visibility":"","ast-main-header-display":"","ast-hfb-above-header-display":"","ast-hfb-below-header-display":"","ast-hfb-mobile-header-display":"","site-post-title":"disabled","ast-breadcrumbs-content":"","ast-featured-img":"disabled","footer-sml-layout":"","ast-disable-related-posts":"","theme-transparent-header-meta":"","adv-header-id-meta":"","stick-header-meta":"","header-above-stick-meta":"","header-main-stick-meta":"","header-below-stick-meta":"","astra-migrate-meta-layouts":"set","ast-page-background-enabled":"default","ast-page-background-meta":{"desktop":{"background-color":"","background-image":"","background-repeat":"repeat","background-position":"center center","background-size":"auto","background-attachment":"scroll","background-type":"","background-media":"","overlay-type":"","overlay-color":"","overlay-opacity":"","overlay-gradient":""},"tablet":{"background-color":"","background-image":"","background-repeat":"repeat","background-position":"center center","background-size":"auto","background-attachment":"scroll","background-type":"","background-media":"","overlay-type":"","overlay-color":"","overlay-opacity":"","overlay-gradient":""},"mobile":{"background-color":"","background-image":"","background-repeat":"repeat","background-position":"center center","background-size":"auto","background-attachment":"scroll","background-type":"","background-media":"","overlay-type":"","overlay-color":"","overlay-opacity":"","overlay-gradient":""}},"ast-content-background-meta":{"desktop":{"background-color":"var(--ast-global-color-5)","background-image":"","background-repeat":"repeat","background-position":"center center","background-size":"auto","background-attachment":"scroll","background-type":"","background-media":"","overlay-type":"","overlay-color":"","overlay-opacity":"","overlay-gradient":""},"tablet":{"background-color":"var(--ast-global-color-5)","background-image":"","background-repeat":"repeat","background-position":"center center","background-size":"auto","background-attachment":"scroll","background-type":"","background-media":"","overlay-type":"","overlay-color":"","overlay-opacity":"","overlay-gradient":""},"mobile":{"background-color":"var(--ast-global-color-5)","background-image":"","background-repeat":"repeat","background-position":"center center","background-size":"auto","background-attachment":"scroll","background-type":"","background-media":"","overlay-type":"","overlay-color":"","overlay-opacity":"","overlay-gradient":""}},"footnotes":""},"class_list":["post-2040","page","type-page","status-publish","hentry"],"yoast_head":"<!-- This site is optimized with the Yoast SEO plugin v24.7 - https:\/\/yoast.com\/wordpress\/plugins\/seo\/ -->\n<title>Privacy Policy - Moisolar<\/title>\n<meta name=\"robots\" content=\"index, follow, max-snippet:-1, max-image-preview:large, max-video-preview:-1\" \/>\n<link rel=\"canonical\" href=\"https:\/\/moisolar.com\/fi\/tietosuojakaytanto\/\" \/>\n<meta property=\"og:locale\" content=\"fi_FI\" \/>\n<meta property=\"og:type\" content=\"article\" \/>\n<meta property=\"og:title\" content=\"Privacy Policy - Moisolar\" \/>\n<meta property=\"og:description\" content=\"Privacy Policy Privacy Policy for Solar Panel Fixture Calculator Welcome to the Solar Panel Fixture Calculator at Moisolar Oy. Your privacy is critically important to us, and we are committed to protecting it through our compliance with the General Data Protection Regulation (GDPR) and other applicable data protection laws. Information We Collect and How We Use It To access our Solar Panel Fixture Calculator, we require you to provide certain personal information, including your: Name Company Name Phone Number Email Address This information is collected to enhance your experience, personalize our communication, and improve our services. Specifically, we use this information for: Providing access to our calculator Contacting you with updates, services, or offers related to your interests Improving our products and services Legal Basis for Processing We process your personal data under the following legal bases: Consent: By providing your information and agreeing to this policy, you have freely given your explicit consent for us to process your personal data for the specified purposes. Legitimate Interests: We may process your data when it is reasonably necessary to achieve our legitimate business interests (e.g., for administrative, fraud detection, and legal purposes). Data Sharing and Transfer Moisolar Oy does not share your personal data with third parties. Your Rights Under the GDPR, you have various rights regarding your personal data, including: Access: You can request access to the personal information we hold about you. Correction: You can request the correction of inaccurate personal information. Deletion: You can request the deletion of your personal information from our records. Objection: You can object to the processing of your personal data. Restriction: You can request the restriction of processing of your personal data. Data Portability: You can request the transfer of your data to another organization. Data Security We implement appropriate technical and organizational measures to protect your personal data against unauthorized or unlawful processing and against accidental loss, destruction, or damage. Changes to This Policy We may update this policy from time to time. We encourage you to review this page periodically for any changes. Consent By using the Solar Panel Fixture Calculator and providing your personal data, you consent to the collection, use, and sharing of your information as described in this policy. Contact Us If you have any questions about this policy or our privacy practices, please contact us: Moisolar Oy\u00a0 Y-tunnus 3345172-1\u00a0 Tekniikantie 12, 02150 Espoo\u00a0 info@moisolar.com +358 40 838 2368 (Joona Aitto-oja)\" \/>\n<meta property=\"og:url\" content=\"https:\/\/moisolar.com\/fi\/tietosuojakaytanto\/\" \/>\n<meta property=\"og:site_name\" content=\"Moisolar\" \/>\n<meta property=\"article:modified_time\" content=\"2024-03-11T12:21:02+00:00\" \/>\n<meta name=\"twitter:card\" content=\"summary_large_image\" \/>\n<meta name=\"twitter:label1\" content=\"Est. reading time\" \/>\n\t<meta name=\"twitter:data1\" content=\"2 minuuttia\" \/>\n<script type=\"application\/ld+json\" class=\"yoast-schema-graph\">{\"@context\":\"https:\/\/schema.org\",\"@graph\":[{\"@type\":\"WebPage\",\"@id\":\"https:\/\/moisolar.com\/fi\/tietosuojakaytanto\/\",\"url\":\"https:\/\/moisolar.com\/fi\/tietosuojakaytanto\/\",\"name\":\"Privacy Policy - Moisolar\",\"isPartOf\":{\"@id\":\"https:\/\/moisolar.com\/en\/#website\"},\"datePublished\":\"2024-03-11T08:34:12+00:00\",\"dateModified\":\"2024-03-11T12:21:02+00:00\",\"breadcrumb\":{\"@id\":\"https:\/\/moisolar.com\/fi\/tietosuojakaytanto\/#breadcrumb\"},\"inLanguage\":\"fi\",\"potentialAction\":[{\"@type\":\"ReadAction\",\"target\":[\"https:\/\/moisolar.com\/fi\/tietosuojakaytanto\/\"]}]},{\"@type\":\"BreadcrumbList\",\"@id\":\"https:\/\/moisolar.com\/fi\/tietosuojakaytanto\/#breadcrumb\",\"itemListElement\":[{\"@type\":\"ListItem\",\"position\":1,\"name\":\"Home\",\"item\":\"https:\/\/moisolar.com\/\"},{\"@type\":\"ListItem\",\"position\":2,\"name\":\"Privacy Policy\"}]},{\"@type\":\"WebSite\",\"@id\":\"https:\/\/moisolar.com\/en\/#website\",\"url\":\"https:\/\/moisolar.com\/en\/\",\"name\":\"Moisolar\",\"description\":\"Moisolar Oy | Aurinkopaneelin kiinnikkeet ja tasakattotelineet\",\"publisher\":{\"@id\":\"https:\/\/moisolar.com\/en\/#organization\"},\"potentialAction\":[{\"@type\":\"SearchAction\",\"target\":{\"@type\":\"EntryPoint\",\"urlTemplate\":\"https:\/\/moisolar.com\/en\/?s={search_term_string}\"},\"query-input\":{\"@type\":\"PropertyValueSpecification\",\"valueRequired\":true,\"valueName\":\"search_term_string\"}}],\"inLanguage\":\"fi\"},{\"@type\":\"Organization\",\"@id\":\"https:\/\/moisolar.com\/en\/#organization\",\"name\":\"Moisolar\",\"url\":\"https:\/\/moisolar.com\/en\/\",\"logo\":{\"@type\":\"ImageObject\",\"inLanguage\":\"fi\",\"@id\":\"https:\/\/moisolar.com\/en\/#\/schema\/logo\/image\/\",\"url\":\"https:\/\/moisolar.com\/wp-content\/uploads\/2023\/02\/cropped-Screenshot_2023-02-12_at_23.47.03-removebg-preview-2.png\",\"contentUrl\":\"https:\/\/moisolar.com\/wp-content\/uploads\/2023\/02\/cropped-Screenshot_2023-02-12_at_23.47.03-removebg-preview-2.png\",\"width\":1016,\"height\":246,\"caption\":\"Moisolar\"},\"image\":{\"@id\":\"https:\/\/moisolar.com\/en\/#\/schema\/logo\/image\/\"}}]}<\/script>\n<!-- \/ Yoast SEO plugin. -->","yoast_head_json":{"title":"Yksityisyydensuoja - Moisolar","robots":{"index":"index","follow":"follow","max-snippet":"max-snippet:-1","max-image-preview":"max-image-preview:large","max-video-preview":"max-video-preview:-1"},"canonical":"https:\/\/moisolar.com\/fi\/tietosuojakaytanto\/","og_locale":"fi_FI","og_type":"article","og_title":"Privacy Policy - Moisolar","og_description":"Privacy Policy Privacy Policy for Solar Panel Fixture Calculator Welcome to the Solar Panel Fixture Calculator at Moisolar Oy. Your privacy is critically important to us, and we are committed to protecting it through our compliance with the General Data Protection Regulation (GDPR) and other applicable data protection laws. Information We Collect and How We Use It To access our Solar Panel Fixture Calculator, we require you to provide certain personal information, including your: Name Company Name Phone Number Email Address This information is collected to enhance your experience, personalize our communication, and improve our services. Specifically, we use this information for: Providing access to our calculator Contacting you with updates, services, or offers related to your interests Improving our products and services Legal Basis for Processing We process your personal data under the following legal bases: Consent: By providing your information and agreeing to this policy, you have freely given your explicit consent for us to process your personal data for the specified purposes. Legitimate Interests: We may process your data when it is reasonably necessary to achieve our legitimate business interests (e.g., for administrative, fraud detection, and legal purposes). Data Sharing and Transfer Moisolar Oy does not share your personal data with third parties. Your Rights Under the GDPR, you have various rights regarding your personal data, including: Access: You can request access to the personal information we hold about you. Correction: You can request the correction of inaccurate personal information. Deletion: You can request the deletion of your personal information from our records. Objection: You can object to the processing of your personal data. Restriction: You can request the restriction of processing of your personal data. Data Portability: You can request the transfer of your data to another organization. Data Security We implement appropriate technical and organizational measures to protect your personal data against unauthorized or unlawful processing and against accidental loss, destruction, or damage. Changes to This Policy We may update this policy from time to time. We encourage you to review this page periodically for any changes. Consent By using the Solar Panel Fixture Calculator and providing your personal data, you consent to the collection, use, and sharing of your information as described in this policy. Contact Us If you have any questions about this policy or our privacy practices, please contact us: Moisolar Oy\u00a0 Y-tunnus 3345172-1\u00a0 Tekniikantie 12, 02150 Espoo\u00a0 info@moisolar.com +358 40 838 2368 (Joona Aitto-oja)","og_url":"https:\/\/moisolar.com\/fi\/tietosuojakaytanto\/","og_site_name":"Moisolar","article_modified_time":"2024-03-11T12:21:02+00:00","twitter_card":"summary_large_image","twitter_misc":{"Est. reading time":"2 minuuttia"},"schema":{"@context":"https:\/\/schema.org","@graph":[{"@type":"WebPage","@id":"https:\/\/moisolar.com\/fi\/tietosuojakaytanto\/","url":"https:\/\/moisolar.com\/fi\/tietosuojakaytanto\/","name":"Yksityisyydensuoja - Moisolar","isPartOf":{"@id":"https:\/\/moisolar.com\/en\/#website"},"datePublished":"2024-03-11T08:34:12+00:00","dateModified":"2024-03-11T12:21:02+00:00","breadcrumb":{"@id":"https:\/\/moisolar.com\/fi\/tietosuojakaytanto\/#breadcrumb"},"inLanguage":"fi","potentialAction":[{"@type":"ReadAction","target":["https:\/\/moisolar.com\/fi\/tietosuojakaytanto\/"]}]},{"@type":"BreadcrumbList","@id":"https:\/\/moisolar.com\/fi\/tietosuojakaytanto\/#breadcrumb","itemListElement":[{"@type":"ListItem","position":1,"name":"Home","item":"https:\/\/moisolar.com\/"},{"@type":"ListItem","position":2,"name":"Privacy Policy"}]},{"@type":"WebSite","@id":"https:\/\/moisolar.com\/en\/#website","url":"https:\/\/moisolar.com\/en\/","name":"Moisolar","description":"Moisolar Oy | Aurinkopaneelin kiinnikkeet ja tasakattotelineet","publisher":{"@id":"https:\/\/moisolar.com\/en\/#organization"},"potentialAction":[{"@type":"SearchAction","target":{"@type":"EntryPoint","urlTemplate":"https:\/\/moisolar.com\/en\/?s={search_term_string}"},"query-input":{"@type":"PropertyValueSpecification","valueRequired":true,"valueName":"search_term_string"}}],"inLanguage":"fi"},{"@type":"Organization","@id":"https:\/\/moisolar.com\/en\/#organization","name":"Moisolar","url":"https:\/\/moisolar.com\/en\/","logo":{"@type":"ImageObject","inLanguage":"fi","@id":"https:\/\/moisolar.com\/en\/#\/schema\/logo\/image\/","url":"https:\/\/moisolar.com\/wp-content\/uploads\/2023\/02\/cropped-Screenshot_2023-02-12_at_23.47.03-removebg-preview-2.png","contentUrl":"https:\/\/moisolar.com\/wp-content\/uploads\/2023\/02\/cropped-Screenshot_2023-02-12_at_23.47.03-removebg-preview-2.png","width":1016,"height":246,"caption":"Moisolar"},"image":{"@id":"https:\/\/moisolar.com\/en\/#\/schema\/logo\/image\/"}}]}},"_links":{"self":[{"href":"https:\/\/moisolar.com\/fi\/wp-json\/wp\/v2\/pages\/2040","targetHints":{"allow":["GET"]}}],"collection":[{"href":"https:\/\/moisolar.com\/fi\/wp-json\/wp\/v2\/pages"}],"about":[{"href":"https:\/\/moisolar.com\/fi\/wp-json\/wp\/v2\/types\/page"}],"author":[{"embeddable":true,"href":"https:\/\/moisolar.com\/fi\/wp-json\/wp\/v2\/users\/1"}],"replies":[{"embeddable":true,"href":"https:\/\/moisolar.com\/fi\/wp-json\/wp\/v2\/comments?post=2040"}],"version-history":[{"count":10,"href":"https:\/\/moisolar.com\/fi\/wp-json\/wp\/v2\/pages\/2040\/revisions"}],"predecessor-version":[{"id":2052,"href":"https:\/\/moisolar.com\/fi\/wp-json\/wp\/v2\/pages\/2040\/revisions\/2052"}],"wp:attachment":[{"href":"https:\/\/moisolar.com\/fi\/wp-json\/wp\/v2\/media?parent=2040"}],"curies":[{"name":"wp","href":"https:\/\/api.w.org\/{rel}","templated":true}]}}