{"id":2189,"date":"2024-03-20T14:38:23","date_gmt":"2024-03-20T12:38:23","guid":{"rendered":"https:\/\/moisolar.com\/?post_type=product&#038;p=2189"},"modified":"2025-08-05T21:52:05","modified_gmt":"2025-08-05T19:52:05","slug":"ft01","status":"publish","type":"product","link":"https:\/\/moisolar.com\/fi\/product\/ft01\/","title":{"rendered":"Kallistettava osa (FT01)"},"content":{"rendered":"<p><a style=\"display: inline-block; padding: 10px 20px; background-color: #4caf50; color: #fff; text-decoration: none; border-radius: 4px;\" href=\"https:\/\/moisolar.com\/leaflets\/\" target=\"_blank\" rel=\"noopener\">Esite ja k\u00e4ytt\u00f6ohje<\/a><\/p>","protected":false},"excerpt":{"rendered":"<p>S\u00e4\u00e4t\u00f6tuen avulla voit kompensoida tasakaton kaltevia kulmia. On suositeltavaa asettaa alusrautalevy (FP01) s\u00e4\u00e4t\u00f6tuen alle.<\/p>\n<p>Tuulikuormituslaskin on olennainen ty\u00f6kalu Moisolar NORDIC FLAT\u00ae -aurinkopaneelien kiinnitysj\u00e4rjestelm\u00e4n integroimiseksi, jonka tavoitteena on varmistaa optimaalinen turvallisuus ja tehokkuus.\u00a0<a href=\"https:\/\/moisolar.com\/en\/contact\/\" target=\"_blank\" rel=\"noopener\">Ota yhteytt\u00e4 saadaksesi lis\u00e4tietoja laskimesta.<\/a><\/p>","protected":false},"featured_media":2356,"template":"","meta":{"om_disable_all_campaigns":false,"_mi_skip_tracking":false,"_monsterinsights_sitenote_active":false,"_monsterinsights_sitenote_note":"","_monsterinsights_sitenote_category":0,"site-sidebar-layout":"default","site-content-layout":"","ast-site-content-layout":"default","site-content-style":"default","site-sidebar-style":"default","ast-global-header-display":"","ast-banner-title-visibility":"","ast-main-header-display":"","ast-hfb-above-header-display":"","ast-hfb-below-header-display":"","ast-hfb-mobile-header-display":"","site-post-title":"","ast-breadcrumbs-content":"","ast-featured-img":"","footer-sml-layout":"","ast-disable-related-posts":"","theme-transparent-header-meta":"default","adv-header-id-meta":"","stick-header-meta":"","header-above-stick-meta":"","header-main-stick-meta":"","header-below-stick-meta":"","astra-migrate-meta-layouts":"set","ast-page-background-enabled":"default","ast-page-background-meta":{"desktop":{"background-color":"","background-image":"","background-repeat":"repeat","background-position":"center center","background-size":"auto","background-attachment":"scroll","background-type":"","background-media":"","overlay-type":"","overlay-color":"","overlay-opacity":"","overlay-gradient":""},"tablet":{"background-color":"","background-image":"","background-repeat":"repeat","background-position":"center center","background-size":"auto","background-attachment":"scroll","background-type":"","background-media":"","overlay-type":"","overlay-color":"","overlay-opacity":"","overlay-gradient":""},"mobile":{"background-color":"","background-image":"","background-repeat":"repeat","background-position":"center center","background-size":"auto","background-attachment":"scroll","background-type":"","background-media":"","overlay-type":"","overlay-color":"","overlay-opacity":"","overlay-gradient":""}},"ast-content-background-meta":{"desktop":{"background-color":"var(--ast-global-color-5)","background-image":"","background-repeat":"repeat","background-position":"center center","background-size":"auto","background-attachment":"scroll","background-type":"","background-media":"","overlay-type":"","overlay-color":"","overlay-opacity":"","overlay-gradient":""},"tablet":{"background-color":"var(--ast-global-color-5)","background-image":"","background-repeat":"repeat","background-position":"center center","background-size":"auto","background-attachment":"scroll","background-type":"","background-media":"","overlay-type":"","overlay-color":"","overlay-opacity":"","overlay-gradient":""},"mobile":{"background-color":"var(--ast-global-color-5)","background-image":"","background-repeat":"repeat","background-position":"center center","background-size":"auto","background-attachment":"scroll","background-type":"","background-media":"","overlay-type":"","overlay-color":"","overlay-opacity":"","overlay-gradient":""}}},"product_cat":[37],"product_tag":[],"class_list":{"0":"post-2189","1":"product","2":"type-product","3":"status-publish","4":"has-post-thumbnail","6":"product_cat-nordic-flat","7":"desktop-align-center","8":"tablet-align-center","9":"mobile-align-center","11":"first","12":"instock","13":"shipping-taxable","14":"product-type-simple"},"yoast_head":"<!-- This site is optimized with the Yoast SEO plugin v24.7 - https:\/\/yoast.com\/wordpress\/plugins\/seo\/ -->\n<title>Tilting part (FT01) - Moisolar<\/title>\n<meta name=\"robots\" content=\"index, follow, max-snippet:-1, max-image-preview:large, max-video-preview:-1\" \/>\n<link rel=\"canonical\" href=\"https:\/\/moisolar.com\/fi\/?attachment_id=2136\/\" \/>\n<meta property=\"og:locale\" content=\"fi_FI\" \/>\n<meta property=\"og:type\" content=\"article\" \/>\n<meta property=\"og:title\" content=\"Tilting part (FT01) - Moisolar\" \/>\n<meta property=\"og:description\" content=\"With the help of the tilting support, you can compensate for the sloping angles of the flat roof. It is recommended to put base plate (FP01) under the tilting support.  The Wind Load Calculator is an essential tool for the integration of Moisolar NORDIC FLAT\u00ae solar panel mounting system, designed to ensure optimal safety and efficiency.\u00a0Contact us to learn more about the calculator.\" \/>\n<meta property=\"og:url\" content=\"https:\/\/moisolar.com\/fi\/?attachment_id=2136\/\" \/>\n<meta property=\"og:site_name\" content=\"Moisolar\" \/>\n<meta property=\"article:modified_time\" content=\"2025-08-05T19:52:05+00:00\" \/>\n<meta property=\"og:image\" content=\"https:\/\/moisolar.com\/wp-content\/uploads\/2024\/04\/FT01.jpg\" \/>\n\t<meta property=\"og:image:width\" content=\"776\" \/>\n\t<meta property=\"og:image:height\" content=\"776\" \/>\n\t<meta property=\"og:image:type\" content=\"image\/jpeg\" \/>\n<meta name=\"twitter:card\" content=\"summary_large_image\" \/>\n<meta name=\"twitter:label1\" content=\"Est. reading time\" \/>\n\t<meta name=\"twitter:data1\" content=\"1 minuutti\" \/>\n<script type=\"application\/ld+json\" class=\"yoast-schema-graph\">{\"@context\":\"https:\/\/schema.org\",\"@graph\":[{\"@type\":\"WebPage\",\"@id\":\"https:\/\/moisolar.com\/tuote\/ft01\/\",\"url\":\"https:\/\/moisolar.com\/tuote\/ft01\/\",\"name\":\"Tilting part (FT01) - Moisolar\",\"isPartOf\":{\"@id\":\"https:\/\/moisolar.com\/en\/#website\"},\"primaryImageOfPage\":{\"@id\":\"https:\/\/moisolar.com\/tuote\/ft01\/#primaryimage\"},\"image\":{\"@id\":\"https:\/\/moisolar.com\/tuote\/ft01\/#primaryimage\"},\"thumbnailUrl\":\"https:\/\/moisolar.com\/wp-content\/uploads\/2024\/04\/FT01.jpg\",\"datePublished\":\"2024-03-20T12:38:23+00:00\",\"dateModified\":\"2025-08-05T19:52:05+00:00\",\"breadcrumb\":{\"@id\":\"https:\/\/moisolar.com\/tuote\/ft01\/#breadcrumb\"},\"inLanguage\":\"fi\",\"potentialAction\":[{\"@type\":\"ReadAction\",\"target\":[\"https:\/\/moisolar.com\/tuote\/ft01\/\"]}]},{\"@type\":\"ImageObject\",\"inLanguage\":\"fi\",\"@id\":\"https:\/\/moisolar.com\/tuote\/ft01\/#primaryimage\",\"url\":\"https:\/\/moisolar.com\/wp-content\/uploads\/2024\/04\/FT01.jpg\",\"contentUrl\":\"https:\/\/moisolar.com\/wp-content\/uploads\/2024\/04\/FT01.jpg\",\"width\":776,\"height\":776},{\"@type\":\"BreadcrumbList\",\"@id\":\"https:\/\/moisolar.com\/tuote\/ft01\/#breadcrumb\",\"itemListElement\":[{\"@type\":\"ListItem\",\"position\":1,\"name\":\"Home\",\"item\":\"https:\/\/moisolar.com\/\"},{\"@type\":\"ListItem\",\"position\":2,\"name\":\"Products\",\"item\":\"https:\/\/moisolar.com\/en\/products\/\"},{\"@type\":\"ListItem\",\"position\":3,\"name\":\"Tilting part (FT01)\"}]},{\"@type\":\"WebSite\",\"@id\":\"https:\/\/moisolar.com\/en\/#website\",\"url\":\"https:\/\/moisolar.com\/en\/\",\"name\":\"Moisolar\",\"description\":\"Moisolar Oy | Aurinkopaneelin kiinnikkeet ja tasakattotelineet\",\"publisher\":{\"@id\":\"https:\/\/moisolar.com\/en\/#organization\"},\"potentialAction\":[{\"@type\":\"SearchAction\",\"target\":{\"@type\":\"EntryPoint\",\"urlTemplate\":\"https:\/\/moisolar.com\/en\/?s={search_term_string}\"},\"query-input\":{\"@type\":\"PropertyValueSpecification\",\"valueRequired\":true,\"valueName\":\"search_term_string\"}}],\"inLanguage\":\"fi\"},{\"@type\":\"Organization\",\"@id\":\"https:\/\/moisolar.com\/en\/#organization\",\"name\":\"Moisolar\",\"url\":\"https:\/\/moisolar.com\/en\/\",\"logo\":{\"@type\":\"ImageObject\",\"inLanguage\":\"fi\",\"@id\":\"https:\/\/moisolar.com\/en\/#\/schema\/logo\/image\/\",\"url\":\"https:\/\/moisolar.com\/wp-content\/uploads\/2023\/02\/cropped-Screenshot_2023-02-12_at_23.47.03-removebg-preview-2.png\",\"contentUrl\":\"https:\/\/moisolar.com\/wp-content\/uploads\/2023\/02\/cropped-Screenshot_2023-02-12_at_23.47.03-removebg-preview-2.png\",\"width\":1016,\"height\":246,\"caption\":\"Moisolar\"},\"image\":{\"@id\":\"https:\/\/moisolar.com\/en\/#\/schema\/logo\/image\/\"}}]}<\/script>\n<!-- \/ Yoast SEO plugin. -->","yoast_head_json":{"title":"Kallistettava osa (FT01) - Moisolar","robots":{"index":"index","follow":"follow","max-snippet":"max-snippet:-1","max-image-preview":"max-image-preview:large","max-video-preview":"max-video-preview:-1"},"canonical":"https:\/\/moisolar.com\/fi\/?attachment_id=2136\/","og_locale":"fi_FI","og_type":"article","og_title":"Tilting part (FT01) - Moisolar","og_description":"With the help of the tilting support, you can compensate for the sloping angles of the flat roof. It is recommended to put base plate (FP01) under the tilting support.  The Wind Load Calculator is an essential tool for the integration of Moisolar NORDIC FLAT\u00ae solar panel mounting system, designed to ensure optimal safety and efficiency.\u00a0Contact us to learn more about the calculator.","og_url":"https:\/\/moisolar.com\/fi\/?attachment_id=2136\/","og_site_name":"Moisolar","article_modified_time":"2025-08-05T19:52:05+00:00","og_image":[{"width":776,"height":776,"url":"https:\/\/moisolar.com\/wp-content\/uploads\/2024\/04\/FT01.jpg","type":"image\/jpeg"}],"twitter_card":"summary_large_image","twitter_misc":{"Est. reading time":"1 minuutti"},"schema":{"@context":"https:\/\/schema.org","@graph":[{"@type":"WebPage","@id":"https:\/\/moisolar.com\/tuote\/ft01\/","url":"https:\/\/moisolar.com\/tuote\/ft01\/","name":"Kallistettava osa (FT01) - Moisolar","isPartOf":{"@id":"https:\/\/moisolar.com\/en\/#website"},"primaryImageOfPage":{"@id":"https:\/\/moisolar.com\/tuote\/ft01\/#primaryimage"},"image":{"@id":"https:\/\/moisolar.com\/tuote\/ft01\/#primaryimage"},"thumbnailUrl":"https:\/\/moisolar.com\/wp-content\/uploads\/2024\/04\/FT01.jpg","datePublished":"2024-03-20T12:38:23+00:00","dateModified":"2025-08-05T19:52:05+00:00","breadcrumb":{"@id":"https:\/\/moisolar.com\/tuote\/ft01\/#breadcrumb"},"inLanguage":"fi","potentialAction":[{"@type":"ReadAction","target":["https:\/\/moisolar.com\/tuote\/ft01\/"]}]},{"@type":"ImageObject","inLanguage":"fi","@id":"https:\/\/moisolar.com\/tuote\/ft01\/#primaryimage","url":"https:\/\/moisolar.com\/wp-content\/uploads\/2024\/04\/FT01.jpg","contentUrl":"https:\/\/moisolar.com\/wp-content\/uploads\/2024\/04\/FT01.jpg","width":776,"height":776},{"@type":"BreadcrumbList","@id":"https:\/\/moisolar.com\/tuote\/ft01\/#breadcrumb","itemListElement":[{"@type":"ListItem","position":1,"name":"Home","item":"https:\/\/moisolar.com\/"},{"@type":"ListItem","position":2,"name":"Products","item":"https:\/\/moisolar.com\/en\/products\/"},{"@type":"ListItem","position":3,"name":"Tilting part (FT01)"}]},{"@type":"WebSite","@id":"https:\/\/moisolar.com\/en\/#website","url":"https:\/\/moisolar.com\/en\/","name":"Moisolar","description":"Moisolar Oy | Aurinkopaneelin kiinnikkeet ja tasakattotelineet","publisher":{"@id":"https:\/\/moisolar.com\/en\/#organization"},"potentialAction":[{"@type":"SearchAction","target":{"@type":"EntryPoint","urlTemplate":"https:\/\/moisolar.com\/en\/?s={search_term_string}"},"query-input":{"@type":"PropertyValueSpecification","valueRequired":true,"valueName":"search_term_string"}}],"inLanguage":"fi"},{"@type":"Organization","@id":"https:\/\/moisolar.com\/en\/#organization","name":"Moisolar","url":"https:\/\/moisolar.com\/en\/","logo":{"@type":"ImageObject","inLanguage":"fi","@id":"https:\/\/moisolar.com\/en\/#\/schema\/logo\/image\/","url":"https:\/\/moisolar.com\/wp-content\/uploads\/2023\/02\/cropped-Screenshot_2023-02-12_at_23.47.03-removebg-preview-2.png","contentUrl":"https:\/\/moisolar.com\/wp-content\/uploads\/2023\/02\/cropped-Screenshot_2023-02-12_at_23.47.03-removebg-preview-2.png","width":1016,"height":246,"caption":"Moisolar"},"image":{"@id":"https:\/\/moisolar.com\/en\/#\/schema\/logo\/image\/"}}]}},"_links":{"self":[{"href":"https:\/\/moisolar.com\/fi\/wp-json\/wp\/v2\/product\/2189","targetHints":{"allow":["GET"]}}],"collection":[{"href":"https:\/\/moisolar.com\/fi\/wp-json\/wp\/v2\/product"}],"about":[{"href":"https:\/\/moisolar.com\/fi\/wp-json\/wp\/v2\/types\/product"}],"wp:featuredmedia":[{"embeddable":true,"href":"https:\/\/moisolar.com\/fi\/wp-json\/wp\/v2\/media\/2356"}],"wp:attachment":[{"href":"https:\/\/moisolar.com\/fi\/wp-json\/wp\/v2\/media?parent=2189"}],"wp:term":[{"taxonomy":"product_cat","embeddable":true,"href":"https:\/\/moisolar.com\/fi\/wp-json\/wp\/v2\/product_cat?post=2189"},{"taxonomy":"product_tag","embeddable":true,"href":"https:\/\/moisolar.com\/fi\/wp-json\/wp\/v2\/product_tag?post=2189"}],"curies":[{"name":"wp","href":"https:\/\/api.w.org\/{rel}","templated":true}]}}