{"id":2905,"date":"2025-04-17T10:38:21","date_gmt":"2025-04-17T08:38:21","guid":{"rendered":"https:\/\/moisolar.com\/?post_type=product&#038;p=2905"},"modified":"2025-08-05T21:49:31","modified_gmt":"2025-08-05T19:49:31","slug":"slope-roof-bracket-for-felt-roof-and-metal-profile-roof-rb32","status":"publish","type":"product","link":"https:\/\/moisolar.com\/fi\/product\/vinokattokannatin-huopakatolle-ja-metalliprofiilikatolle-rb32\/","title":{"rendered":"Kattokannatin huopakatolle ja metalliprofiilikatolle (RB32)"},"content":{"rendered":"<p><a style=\"display: inline-block; padding: 10px 20px; background-color: #4caf50; color: #fff; text-decoration: none; border-radius: 4px;\" href=\"https:\/\/moisolar.com\/leaflets\/\" target=\"_blank\" rel=\"noopener\">Esite ja k\u00e4ytt\u00f6ohje<\/a><\/p>","protected":false},"excerpt":{"rendered":"<p>Profiilikatot ja huopakatot.<\/p>\n<p>Kiinnitys tapahtuu ruuveilla. Tiivistysmassoille ei ole tarvetta, kiinnikkeen alla olevan valmiiksi asennetun tiivisteen ansiosta.<\/p>\n<p>Lis\u00e4reiki\u00e4 asennuksen helpottamiseksi ja kaapeleita varten.<\/p>\n<p>Tarkista\u00a0<a href=\"https:\/\/moisolar.com\/en\/fixture-calculator\/\" target=\"_blank\" rel=\"noopener\"><strong>Moisolar Nordic Slope -kiinnityslaskin<\/strong><\/a>\u00a0m\u00e4\u00e4ritt\u00e4\u00e4ksesi tarvittavan m\u00e4\u00e4r\u00e4n kattokiinnikkeit\u00e4 asennukseesi.<\/p>","protected":false},"featured_media":2912,"template":"","meta":{"om_disable_all_campaigns":false,"_mi_skip_tracking":false,"_monsterinsights_sitenote_active":false,"_monsterinsights_sitenote_note":"","_monsterinsights_sitenote_category":0,"site-sidebar-layout":"default","site-content-layout":"","ast-site-content-layout":"default","site-content-style":"default","site-sidebar-style":"default","ast-global-header-display":"","ast-banner-title-visibility":"","ast-main-header-display":"","ast-hfb-above-header-display":"","ast-hfb-below-header-display":"","ast-hfb-mobile-header-display":"","site-post-title":"","ast-breadcrumbs-content":"","ast-featured-img":"","footer-sml-layout":"","ast-disable-related-posts":"","theme-transparent-header-meta":"default","adv-header-id-meta":"","stick-header-meta":"","header-above-stick-meta":"","header-main-stick-meta":"","header-below-stick-meta":"","astra-migrate-meta-layouts":"set","ast-page-background-enabled":"default","ast-page-background-meta":{"desktop":{"background-color":"","background-image":"","background-repeat":"repeat","background-position":"center center","background-size":"auto","background-attachment":"scroll","background-type":"","background-media":"","overlay-type":"","overlay-color":"","overlay-opacity":"","overlay-gradient":""},"tablet":{"background-color":"","background-image":"","background-repeat":"repeat","background-position":"center center","background-size":"auto","background-attachment":"scroll","background-type":"","background-media":"","overlay-type":"","overlay-color":"","overlay-opacity":"","overlay-gradient":""},"mobile":{"background-color":"","background-image":"","background-repeat":"repeat","background-position":"center center","background-size":"auto","background-attachment":"scroll","background-type":"","background-media":"","overlay-type":"","overlay-color":"","overlay-opacity":"","overlay-gradient":""}},"ast-content-background-meta":{"desktop":{"background-color":"var(--ast-global-color-5)","background-image":"","background-repeat":"repeat","background-position":"center center","background-size":"auto","background-attachment":"scroll","background-type":"","background-media":"","overlay-type":"","overlay-color":"","overlay-opacity":"","overlay-gradient":""},"tablet":{"background-color":"var(--ast-global-color-5)","background-image":"","background-repeat":"repeat","background-position":"center center","background-size":"auto","background-attachment":"scroll","background-type":"","background-media":"","overlay-type":"","overlay-color":"","overlay-opacity":"","overlay-gradient":""},"mobile":{"background-color":"var(--ast-global-color-5)","background-image":"","background-repeat":"repeat","background-position":"center center","background-size":"auto","background-attachment":"scroll","background-type":"","background-media":"","overlay-type":"","overlay-color":"","overlay-opacity":"","overlay-gradient":""}}},"product_cat":[35],"product_tag":[],"class_list":{"0":"post-2905","1":"product","2":"type-product","3":"status-publish","4":"has-post-thumbnail","6":"product_cat-nordic-slope","7":"desktop-align-center","8":"tablet-align-center","9":"mobile-align-center","11":"first","12":"instock","13":"shipping-taxable","14":"product-type-simple"},"yoast_head":"<!-- This site is optimized with the Yoast SEO plugin v24.7 - https:\/\/yoast.com\/wordpress\/plugins\/seo\/ -->\n<title>Slope roof bracket for felt roof and metal profile roof (RB32) - Moisolar<\/title>\n<meta name=\"robots\" content=\"index, follow, max-snippet:-1, max-image-preview:large, max-video-preview:-1\" \/>\n<link rel=\"canonical\" href=\"https:\/\/moisolar.com\/fi\/product\/vinokattokannatin-huopakatolle-ja-metalliprofiilikatolle-rb32\/\" \/>\n<meta property=\"og:locale\" content=\"fi_FI\" \/>\n<meta property=\"og:type\" content=\"article\" \/>\n<meta property=\"og:title\" content=\"Slope roof bracket for felt roof and metal profile roof (RB32) - Moisolar\" \/>\n<meta property=\"og:description\" content=\"For felt roof and metal profile roof.  The attachment is done with screws. There is no need for sealing compounds, thanks to the pre-installed seal under the fastener.  Additional holes for ease of installation and for cables.  Check the Moisolar\u00a0Nordic Slope Fixture Calculator\u00a0to determine the required amount of roof fixtures for your installation.\" \/>\n<meta property=\"og:url\" content=\"https:\/\/moisolar.com\/fi\/product\/vinokattokannatin-huopakatolle-ja-metalliprofiilikatolle-rb32\/\" \/>\n<meta property=\"og:site_name\" content=\"Moisolar\" \/>\n<meta property=\"article:modified_time\" content=\"2025-08-05T19:49:31+00:00\" \/>\n<meta property=\"og:image\" content=\"https:\/\/moisolar.com\/wp-content\/uploads\/2025\/04\/RB32.jpg\" \/>\n\t<meta property=\"og:image:width\" content=\"1030\" \/>\n\t<meta property=\"og:image:height\" content=\"1030\" \/>\n\t<meta property=\"og:image:type\" content=\"image\/jpeg\" \/>\n<meta name=\"twitter:card\" content=\"summary_large_image\" \/>\n<meta name=\"twitter:label1\" content=\"Est. reading time\" \/>\n\t<meta name=\"twitter:data1\" content=\"1 minuutti\" \/>\n<script type=\"application\/ld+json\" class=\"yoast-schema-graph\">{\"@context\":\"https:\/\/schema.org\",\"@graph\":[{\"@type\":\"WebPage\",\"@id\":\"https:\/\/moisolar.com\/product\/vinokattokannatin-huopakatolle-ja-metalliprofiilikatolle-rb32\/\",\"url\":\"https:\/\/moisolar.com\/product\/vinokattokannatin-huopakatolle-ja-metalliprofiilikatolle-rb32\/\",\"name\":\"Slope roof bracket for felt roof and metal profile roof (RB32) - Moisolar\",\"isPartOf\":{\"@id\":\"https:\/\/moisolar.com\/en\/#website\"},\"primaryImageOfPage\":{\"@id\":\"https:\/\/moisolar.com\/product\/vinokattokannatin-huopakatolle-ja-metalliprofiilikatolle-rb32\/#primaryimage\"},\"image\":{\"@id\":\"https:\/\/moisolar.com\/product\/vinokattokannatin-huopakatolle-ja-metalliprofiilikatolle-rb32\/#primaryimage\"},\"thumbnailUrl\":\"https:\/\/moisolar.com\/wp-content\/uploads\/2025\/04\/RB32.jpg\",\"datePublished\":\"2025-04-17T08:38:21+00:00\",\"dateModified\":\"2025-08-05T19:49:31+00:00\",\"breadcrumb\":{\"@id\":\"https:\/\/moisolar.com\/product\/vinokattokannatin-huopakatolle-ja-metalliprofiilikatolle-rb32\/#breadcrumb\"},\"inLanguage\":\"fi\",\"potentialAction\":[{\"@type\":\"ReadAction\",\"target\":[\"https:\/\/moisolar.com\/product\/vinokattokannatin-huopakatolle-ja-metalliprofiilikatolle-rb32\/\"]}]},{\"@type\":\"ImageObject\",\"inLanguage\":\"fi\",\"@id\":\"https:\/\/moisolar.com\/product\/vinokattokannatin-huopakatolle-ja-metalliprofiilikatolle-rb32\/#primaryimage\",\"url\":\"https:\/\/moisolar.com\/wp-content\/uploads\/2025\/04\/RB32.jpg\",\"contentUrl\":\"https:\/\/moisolar.com\/wp-content\/uploads\/2025\/04\/RB32.jpg\",\"width\":1030,\"height\":1030,\"caption\":\"Screenshot\"},{\"@type\":\"BreadcrumbList\",\"@id\":\"https:\/\/moisolar.com\/product\/vinokattokannatin-huopakatolle-ja-metalliprofiilikatolle-rb32\/#breadcrumb\",\"itemListElement\":[{\"@type\":\"ListItem\",\"position\":1,\"name\":\"Home\",\"item\":\"https:\/\/moisolar.com\/\"},{\"@type\":\"ListItem\",\"position\":2,\"name\":\"Products\",\"item\":\"https:\/\/moisolar.com\/en\/products\/\"},{\"@type\":\"ListItem\",\"position\":3,\"name\":\"Slope roof bracket for felt roof and metal profile roof (RB32)\"}]},{\"@type\":\"WebSite\",\"@id\":\"https:\/\/moisolar.com\/en\/#website\",\"url\":\"https:\/\/moisolar.com\/en\/\",\"name\":\"Moisolar\",\"description\":\"Moisolar Oy | Aurinkopaneelin kiinnikkeet ja tasakattotelineet\",\"publisher\":{\"@id\":\"https:\/\/moisolar.com\/en\/#organization\"},\"potentialAction\":[{\"@type\":\"SearchAction\",\"target\":{\"@type\":\"EntryPoint\",\"urlTemplate\":\"https:\/\/moisolar.com\/en\/?s={search_term_string}\"},\"query-input\":{\"@type\":\"PropertyValueSpecification\",\"valueRequired\":true,\"valueName\":\"search_term_string\"}}],\"inLanguage\":\"fi\"},{\"@type\":\"Organization\",\"@id\":\"https:\/\/moisolar.com\/en\/#organization\",\"name\":\"Moisolar\",\"url\":\"https:\/\/moisolar.com\/en\/\",\"logo\":{\"@type\":\"ImageObject\",\"inLanguage\":\"fi\",\"@id\":\"https:\/\/moisolar.com\/en\/#\/schema\/logo\/image\/\",\"url\":\"https:\/\/moisolar.com\/wp-content\/uploads\/2023\/02\/cropped-Screenshot_2023-02-12_at_23.47.03-removebg-preview-2.png\",\"contentUrl\":\"https:\/\/moisolar.com\/wp-content\/uploads\/2023\/02\/cropped-Screenshot_2023-02-12_at_23.47.03-removebg-preview-2.png\",\"width\":1016,\"height\":246,\"caption\":\"Moisolar\"},\"image\":{\"@id\":\"https:\/\/moisolar.com\/en\/#\/schema\/logo\/image\/\"}}]}<\/script>\n<!-- \/ Yoast SEO plugin. -->","yoast_head_json":{"title":"Vinokattokannatin huopakatolle ja metalliprofiilikatolle (RB32) - Moisolar","robots":{"index":"index","follow":"follow","max-snippet":"max-snippet:-1","max-image-preview":"max-image-preview:large","max-video-preview":"max-video-preview:-1"},"canonical":"https:\/\/moisolar.com\/fi\/product\/vinokattokannatin-huopakatolle-ja-metalliprofiilikatolle-rb32\/","og_locale":"fi_FI","og_type":"article","og_title":"Slope roof bracket for felt roof and metal profile roof (RB32) - Moisolar","og_description":"For felt roof and metal profile roof.  The attachment is done with screws. There is no need for sealing compounds, thanks to the pre-installed seal under the fastener.  Additional holes for ease of installation and for cables.  Check the Moisolar\u00a0Nordic Slope Fixture Calculator\u00a0to determine the required amount of roof fixtures for your installation.","og_url":"https:\/\/moisolar.com\/fi\/product\/vinokattokannatin-huopakatolle-ja-metalliprofiilikatolle-rb32\/","og_site_name":"Moisolar","article_modified_time":"2025-08-05T19:49:31+00:00","og_image":[{"width":1030,"height":1030,"url":"https:\/\/moisolar.com\/wp-content\/uploads\/2025\/04\/RB32.jpg","type":"image\/jpeg"}],"twitter_card":"summary_large_image","twitter_misc":{"Est. reading time":"1 minuutti"},"schema":{"@context":"https:\/\/schema.org","@graph":[{"@type":"WebPage","@id":"https:\/\/moisolar.com\/product\/vinokattokannatin-huopakatolle-ja-metalliprofiilikatolle-rb32\/","url":"https:\/\/moisolar.com\/product\/vinokattokannatin-huopakatolle-ja-metalliprofiilikatolle-rb32\/","name":"Vinokattokannatin huopakatolle ja metalliprofiilikatolle (RB32) - Moisolar","isPartOf":{"@id":"https:\/\/moisolar.com\/en\/#website"},"primaryImageOfPage":{"@id":"https:\/\/moisolar.com\/product\/vinokattokannatin-huopakatolle-ja-metalliprofiilikatolle-rb32\/#primaryimage"},"image":{"@id":"https:\/\/moisolar.com\/product\/vinokattokannatin-huopakatolle-ja-metalliprofiilikatolle-rb32\/#primaryimage"},"thumbnailUrl":"https:\/\/moisolar.com\/wp-content\/uploads\/2025\/04\/RB32.jpg","datePublished":"2025-04-17T08:38:21+00:00","dateModified":"2025-08-05T19:49:31+00:00","breadcrumb":{"@id":"https:\/\/moisolar.com\/product\/vinokattokannatin-huopakatolle-ja-metalliprofiilikatolle-rb32\/#breadcrumb"},"inLanguage":"fi","potentialAction":[{"@type":"ReadAction","target":["https:\/\/moisolar.com\/product\/vinokattokannatin-huopakatolle-ja-metalliprofiilikatolle-rb32\/"]}]},{"@type":"ImageObject","inLanguage":"fi","@id":"https:\/\/moisolar.com\/product\/vinokattokannatin-huopakatolle-ja-metalliprofiilikatolle-rb32\/#primaryimage","url":"https:\/\/moisolar.com\/wp-content\/uploads\/2025\/04\/RB32.jpg","contentUrl":"https:\/\/moisolar.com\/wp-content\/uploads\/2025\/04\/RB32.jpg","width":1030,"height":1030,"caption":"Screenshot"},{"@type":"BreadcrumbList","@id":"https:\/\/moisolar.com\/product\/vinokattokannatin-huopakatolle-ja-metalliprofiilikatolle-rb32\/#breadcrumb","itemListElement":[{"@type":"ListItem","position":1,"name":"Home","item":"https:\/\/moisolar.com\/"},{"@type":"ListItem","position":2,"name":"Products","item":"https:\/\/moisolar.com\/en\/products\/"},{"@type":"ListItem","position":3,"name":"Slope roof bracket for felt roof and metal profile roof (RB32)"}]},{"@type":"WebSite","@id":"https:\/\/moisolar.com\/en\/#website","url":"https:\/\/moisolar.com\/en\/","name":"Moisolar","description":"Moisolar Oy | Aurinkopaneelin kiinnikkeet ja tasakattotelineet","publisher":{"@id":"https:\/\/moisolar.com\/en\/#organization"},"potentialAction":[{"@type":"SearchAction","target":{"@type":"EntryPoint","urlTemplate":"https:\/\/moisolar.com\/en\/?s={search_term_string}"},"query-input":{"@type":"PropertyValueSpecification","valueRequired":true,"valueName":"search_term_string"}}],"inLanguage":"fi"},{"@type":"Organization","@id":"https:\/\/moisolar.com\/en\/#organization","name":"Moisolar","url":"https:\/\/moisolar.com\/en\/","logo":{"@type":"ImageObject","inLanguage":"fi","@id":"https:\/\/moisolar.com\/en\/#\/schema\/logo\/image\/","url":"https:\/\/moisolar.com\/wp-content\/uploads\/2023\/02\/cropped-Screenshot_2023-02-12_at_23.47.03-removebg-preview-2.png","contentUrl":"https:\/\/moisolar.com\/wp-content\/uploads\/2023\/02\/cropped-Screenshot_2023-02-12_at_23.47.03-removebg-preview-2.png","width":1016,"height":246,"caption":"Moisolar"},"image":{"@id":"https:\/\/moisolar.com\/en\/#\/schema\/logo\/image\/"}}]}},"_links":{"self":[{"href":"https:\/\/moisolar.com\/fi\/wp-json\/wp\/v2\/product\/2905","targetHints":{"allow":["GET"]}}],"collection":[{"href":"https:\/\/moisolar.com\/fi\/wp-json\/wp\/v2\/product"}],"about":[{"href":"https:\/\/moisolar.com\/fi\/wp-json\/wp\/v2\/types\/product"}],"wp:featuredmedia":[{"embeddable":true,"href":"https:\/\/moisolar.com\/fi\/wp-json\/wp\/v2\/media\/2912"}],"wp:attachment":[{"href":"https:\/\/moisolar.com\/fi\/wp-json\/wp\/v2\/media?parent=2905"}],"wp:term":[{"taxonomy":"product_cat","embeddable":true,"href":"https:\/\/moisolar.com\/fi\/wp-json\/wp\/v2\/product_cat?post=2905"},{"taxonomy":"product_tag","embeddable":true,"href":"https:\/\/moisolar.com\/fi\/wp-json\/wp\/v2\/product_tag?post=2905"}],"curies":[{"name":"wp","href":"https:\/\/api.w.org\/{rel}","templated":true}]}}