{"id":3586,"date":"2025-10-07T08:29:59","date_gmt":"2025-10-07T06:29:59","guid":{"rendered":"https:\/\/moisolar.com\/?post_type=product&#038;p=3586"},"modified":"2025-10-09T15:29:07","modified_gmt":"2025-10-09T13:29:07","slug":"ss06","status":"publish","type":"product","link":"https:\/\/moisolar.com\/fi\/product\/ss06\/","title":{"rendered":"LVI-RUUVI 7,0X30 RUSPERT (SS06)"},"content":{"rendered":"","protected":false},"excerpt":{"rendered":"<article class=\"text-token-text-primary w-full focus:outline-none scroll-mt-[calc(var(--header-height)+min(200px,max(70px,20svh)))]\" dir=\"auto\" tabindex=\"-1\" data-turn-id=\"request-68e4aad4-be78-8325-8823-79b04552d80b-8\" data-testid=\"conversation-turn-20\" data-scroll-anchor=\"true\" data-turn=\"assistant\">\n<div class=\"text-base my-auto mx-auto pb-10 [--thread-content-margin:--spacing(4)] thread-sm:[--thread-content-margin:--spacing(6)] thread-lg:[--thread-content-margin:--spacing(16)] px-(--thread-content-margin)\">\n<div class=\"[--thread-content-max-width:40rem] thread-lg:[--thread-content-max-width:48rem] mx-auto max-w-(--thread-content-max-width) flex-1 group\/turn-messages focus-visible:outline-hidden relative flex w-full min-w-0 flex-col agent-turn\" tabindex=\"-1\">\n<div class=\"flex max-w-full flex-col grow\">\n<div class=\"min-h-8 text-message relative flex w-full flex-col items-end gap-2 text-start break-words whitespace-normal [.text-message+&amp;]:mt-5\" dir=\"auto\" data-message-author-role=\"assistant\" data-message-id=\"7e9294e2-cb9e-4578-8e1c-c96e58cb640c\" data-message-model-slug=\"gpt-5\">\n<div class=\"flex w-full flex-col gap-1 empty:hidden first:pt-[1px]\">\n<div class=\"markdown prose dark:prose-invert w-full break-words light markdown-new-styling\">\n<p data-start=\"0\" data-end=\"121\" data-is-last-node=\"\" data-is-only-node=\"\">Kest\u00e4v\u00e4 LVI-ruuvi (7,0\u00d730 mm), jossa on Ruspert-korroosiosuojaus, ihanteellinen kattokiinnityksiin.<\/p>\n<\/div>\n<\/div>\n<\/div>\n<\/div>\n<\/div>\n<\/div>\n<\/article>","protected":false},"featured_media":0,"template":"","meta":{"om_disable_all_campaigns":false,"_mi_skip_tracking":false,"_monsterinsights_sitenote_active":false,"_monsterinsights_sitenote_note":"","_monsterinsights_sitenote_category":0,"site-sidebar-layout":"default","site-content-layout":"","ast-site-content-layout":"default","site-content-style":"default","site-sidebar-style":"default","ast-global-header-display":"","ast-banner-title-visibility":"","ast-main-header-display":"","ast-hfb-above-header-display":"","ast-hfb-below-header-display":"","ast-hfb-mobile-header-display":"","site-post-title":"","ast-breadcrumbs-content":"","ast-featured-img":"","footer-sml-layout":"","ast-disable-related-posts":"","theme-transparent-header-meta":"default","adv-header-id-meta":"","stick-header-meta":"","header-above-stick-meta":"","header-main-stick-meta":"","header-below-stick-meta":"","astra-migrate-meta-layouts":"set","ast-page-background-enabled":"default","ast-page-background-meta":{"desktop":{"background-color":"","background-image":"","background-repeat":"repeat","background-position":"center center","background-size":"auto","background-attachment":"scroll","background-type":"","background-media":"","overlay-type":"","overlay-color":"","overlay-opacity":"","overlay-gradient":""},"tablet":{"background-color":"","background-image":"","background-repeat":"repeat","background-position":"center center","background-size":"auto","background-attachment":"scroll","background-type":"","background-media":"","overlay-type":"","overlay-color":"","overlay-opacity":"","overlay-gradient":""},"mobile":{"background-color":"","background-image":"","background-repeat":"repeat","background-position":"center center","background-size":"auto","background-attachment":"scroll","background-type":"","background-media":"","overlay-type":"","overlay-color":"","overlay-opacity":"","overlay-gradient":""}},"ast-content-background-meta":{"desktop":{"background-color":"var(--ast-global-color-5)","background-image":"","background-repeat":"repeat","background-position":"center center","background-size":"auto","background-attachment":"scroll","background-type":"","background-media":"","overlay-type":"","overlay-color":"","overlay-opacity":"","overlay-gradient":""},"tablet":{"background-color":"var(--ast-global-color-5)","background-image":"","background-repeat":"repeat","background-position":"center center","background-size":"auto","background-attachment":"scroll","background-type":"","background-media":"","overlay-type":"","overlay-color":"","overlay-opacity":"","overlay-gradient":""},"mobile":{"background-color":"var(--ast-global-color-5)","background-image":"","background-repeat":"repeat","background-position":"center center","background-size":"auto","background-attachment":"scroll","background-type":"","background-media":"","overlay-type":"","overlay-color":"","overlay-opacity":"","overlay-gradient":""}}},"product_cat":[24,35],"product_tag":[],"class_list":{"0":"post-3586","1":"product","2":"type-product","3":"status-publish","5":"product_cat-mounting","6":"product_cat-nordic-slope","7":"desktop-align-center","8":"tablet-align-center","9":"mobile-align-center","11":"first","12":"instock","13":"shipping-taxable","14":"product-type-simple"},"yoast_head":"<!-- This site is optimized with the Yoast SEO plugin v24.7 - https:\/\/yoast.com\/wordpress\/plugins\/seo\/ -->\n<title>HVAC screw 7.0\u00d730 Ruspert (SS06) - Moisolar<\/title>\n<meta name=\"robots\" content=\"index, follow, max-snippet:-1, max-image-preview:large, max-video-preview:-1\" \/>\n<link rel=\"canonical\" href=\"https:\/\/moisolar.com\/fi\/product\/ss06\/\" \/>\n<meta property=\"og:locale\" content=\"fi_FI\" \/>\n<meta property=\"og:type\" content=\"article\" \/>\n<meta property=\"og:title\" content=\"HVAC screw 7.0\u00d730 Ruspert (SS06) - Moisolar\" \/>\n<meta property=\"og:description\" content=\"Durable HVAC screw (7.0\u00d730 mm) with Ruspert corrosion-resistant coating, ideal for roofing installations.\" \/>\n<meta property=\"og:url\" content=\"https:\/\/moisolar.com\/fi\/product\/ss06\/\" \/>\n<meta property=\"og:site_name\" content=\"Moisolar\" \/>\n<meta property=\"article:modified_time\" content=\"2025-10-09T13:29:07+00:00\" \/>\n<meta name=\"twitter:card\" content=\"summary_large_image\" \/>\n<script type=\"application\/ld+json\" class=\"yoast-schema-graph\">{\"@context\":\"https:\/\/schema.org\",\"@graph\":[{\"@type\":\"WebPage\",\"@id\":\"https:\/\/moisolar.com\/product\/ss06\/\",\"url\":\"https:\/\/moisolar.com\/product\/ss06\/\",\"name\":\"HVAC screw 7.0\u00d730 Ruspert (SS06) - Moisolar\",\"isPartOf\":{\"@id\":\"https:\/\/moisolar.com\/en\/#website\"},\"datePublished\":\"2025-10-07T06:29:59+00:00\",\"dateModified\":\"2025-10-09T13:29:07+00:00\",\"breadcrumb\":{\"@id\":\"https:\/\/moisolar.com\/product\/ss06\/#breadcrumb\"},\"inLanguage\":\"fi\",\"potentialAction\":[{\"@type\":\"ReadAction\",\"target\":[\"https:\/\/moisolar.com\/product\/ss06\/\"]}]},{\"@type\":\"BreadcrumbList\",\"@id\":\"https:\/\/moisolar.com\/product\/ss06\/#breadcrumb\",\"itemListElement\":[{\"@type\":\"ListItem\",\"position\":1,\"name\":\"Home\",\"item\":\"https:\/\/moisolar.com\/\"},{\"@type\":\"ListItem\",\"position\":2,\"name\":\"Products\",\"item\":\"https:\/\/moisolar.com\/en\/products\/\"},{\"@type\":\"ListItem\",\"position\":3,\"name\":\"HVAC screw 7.0\u00d730 Ruspert (SS06)\"}]},{\"@type\":\"WebSite\",\"@id\":\"https:\/\/moisolar.com\/en\/#website\",\"url\":\"https:\/\/moisolar.com\/en\/\",\"name\":\"Moisolar\",\"description\":\"Moisolar Oy | Aurinkopaneelin kiinnikkeet ja tasakattotelineet\",\"publisher\":{\"@id\":\"https:\/\/moisolar.com\/en\/#organization\"},\"potentialAction\":[{\"@type\":\"SearchAction\",\"target\":{\"@type\":\"EntryPoint\",\"urlTemplate\":\"https:\/\/moisolar.com\/en\/?s={search_term_string}\"},\"query-input\":{\"@type\":\"PropertyValueSpecification\",\"valueRequired\":true,\"valueName\":\"search_term_string\"}}],\"inLanguage\":\"fi\"},{\"@type\":\"Organization\",\"@id\":\"https:\/\/moisolar.com\/en\/#organization\",\"name\":\"Moisolar\",\"url\":\"https:\/\/moisolar.com\/en\/\",\"logo\":{\"@type\":\"ImageObject\",\"inLanguage\":\"fi\",\"@id\":\"https:\/\/moisolar.com\/en\/#\/schema\/logo\/image\/\",\"url\":\"https:\/\/moisolar.com\/wp-content\/uploads\/2023\/02\/cropped-Screenshot_2023-02-12_at_23.47.03-removebg-preview-2.png\",\"contentUrl\":\"https:\/\/moisolar.com\/wp-content\/uploads\/2023\/02\/cropped-Screenshot_2023-02-12_at_23.47.03-removebg-preview-2.png\",\"width\":1016,\"height\":246,\"caption\":\"Moisolar\"},\"image\":{\"@id\":\"https:\/\/moisolar.com\/en\/#\/schema\/logo\/image\/\"}}]}<\/script>\n<!-- \/ Yoast SEO plugin. -->","yoast_head_json":{"title":"HVAC screw 7.0\u00d730 Ruspert (SS06) - Moisolar","robots":{"index":"index","follow":"follow","max-snippet":"max-snippet:-1","max-image-preview":"max-image-preview:large","max-video-preview":"max-video-preview:-1"},"canonical":"https:\/\/moisolar.com\/fi\/product\/ss06\/","og_locale":"fi_FI","og_type":"article","og_title":"HVAC screw 7.0\u00d730 Ruspert (SS06) - Moisolar","og_description":"Durable HVAC screw (7.0\u00d730 mm) with Ruspert corrosion-resistant coating, ideal for roofing installations.","og_url":"https:\/\/moisolar.com\/fi\/product\/ss06\/","og_site_name":"Moisolar","article_modified_time":"2025-10-09T13:29:07+00:00","twitter_card":"summary_large_image","schema":{"@context":"https:\/\/schema.org","@graph":[{"@type":"WebPage","@id":"https:\/\/moisolar.com\/product\/ss06\/","url":"https:\/\/moisolar.com\/product\/ss06\/","name":"HVAC screw 7.0\u00d730 Ruspert (SS06) - Moisolar","isPartOf":{"@id":"https:\/\/moisolar.com\/en\/#website"},"datePublished":"2025-10-07T06:29:59+00:00","dateModified":"2025-10-09T13:29:07+00:00","breadcrumb":{"@id":"https:\/\/moisolar.com\/product\/ss06\/#breadcrumb"},"inLanguage":"fi","potentialAction":[{"@type":"ReadAction","target":["https:\/\/moisolar.com\/product\/ss06\/"]}]},{"@type":"BreadcrumbList","@id":"https:\/\/moisolar.com\/product\/ss06\/#breadcrumb","itemListElement":[{"@type":"ListItem","position":1,"name":"Home","item":"https:\/\/moisolar.com\/"},{"@type":"ListItem","position":2,"name":"Products","item":"https:\/\/moisolar.com\/en\/products\/"},{"@type":"ListItem","position":3,"name":"HVAC screw 7.0\u00d730 Ruspert (SS06)"}]},{"@type":"WebSite","@id":"https:\/\/moisolar.com\/en\/#website","url":"https:\/\/moisolar.com\/en\/","name":"Moisolar","description":"Moisolar Oy | Aurinkopaneelin kiinnikkeet ja tasakattotelineet","publisher":{"@id":"https:\/\/moisolar.com\/en\/#organization"},"potentialAction":[{"@type":"SearchAction","target":{"@type":"EntryPoint","urlTemplate":"https:\/\/moisolar.com\/en\/?s={search_term_string}"},"query-input":{"@type":"PropertyValueSpecification","valueRequired":true,"valueName":"search_term_string"}}],"inLanguage":"fi"},{"@type":"Organization","@id":"https:\/\/moisolar.com\/en\/#organization","name":"Moisolar","url":"https:\/\/moisolar.com\/en\/","logo":{"@type":"ImageObject","inLanguage":"fi","@id":"https:\/\/moisolar.com\/en\/#\/schema\/logo\/image\/","url":"https:\/\/moisolar.com\/wp-content\/uploads\/2023\/02\/cropped-Screenshot_2023-02-12_at_23.47.03-removebg-preview-2.png","contentUrl":"https:\/\/moisolar.com\/wp-content\/uploads\/2023\/02\/cropped-Screenshot_2023-02-12_at_23.47.03-removebg-preview-2.png","width":1016,"height":246,"caption":"Moisolar"},"image":{"@id":"https:\/\/moisolar.com\/en\/#\/schema\/logo\/image\/"}}]}},"_links":{"self":[{"href":"https:\/\/moisolar.com\/fi\/wp-json\/wp\/v2\/product\/3586","targetHints":{"allow":["GET"]}}],"collection":[{"href":"https:\/\/moisolar.com\/fi\/wp-json\/wp\/v2\/product"}],"about":[{"href":"https:\/\/moisolar.com\/fi\/wp-json\/wp\/v2\/types\/product"}],"wp:attachment":[{"href":"https:\/\/moisolar.com\/fi\/wp-json\/wp\/v2\/media?parent=3586"}],"wp:term":[{"taxonomy":"product_cat","embeddable":true,"href":"https:\/\/moisolar.com\/fi\/wp-json\/wp\/v2\/product_cat?post=3586"},{"taxonomy":"product_tag","embeddable":true,"href":"https:\/\/moisolar.com\/fi\/wp-json\/wp\/v2\/product_tag?post=3586"}],"curies":[{"name":"wp","href":"https:\/\/api.w.org\/{rel}","templated":true}]}}