{"id":580,"date":"2023-03-17T10:48:33","date_gmt":"2023-03-17T08:48:33","guid":{"rendered":"https:\/\/moisolar.com\/?post_type=product&#038;p=580"},"modified":"2025-08-05T21:55:49","modified_gmt":"2025-08-05T19:55:49","slug":"rb01","status":"publish","type":"product","link":"https:\/\/moisolar.com\/fi\/product\/rb01\/","title":{"rendered":"Vinokattokiinnike - Rivikatot konesauma ja lukkosauma (RB01, RB11)"},"content":{"rendered":"<p><a style=\"display: inline-block; padding: 10px 20px; background-color: #4caf50; color: #fff; text-decoration: none; border-radius: 4px;\" href=\"https:\/\/moisolar.com\/leaflets\/\" target=\"_blank\" rel=\"noopener\">Esite ja k\u00e4ytt\u00f6ohje<\/a><\/p>\n<p>&nbsp;<\/p>","protected":false},"excerpt":{"rendered":"<p>Rivikatot konesauma ja lukkosauma.<\/p>\n<p>Kiinnitys tapahtuu helposti kirist\u00e4m\u00e4ll\u00e4 pultit. Kahdella pultilla kiinnike pysyy katon sauman ymp\u00e4rill\u00e4 tukevasti kiinni.<\/p>\n<p>Tarkista\u00a0<a href=\"https:\/\/moisolar.com\/en\/fixture-calculator\/\" target=\"_blank\" rel=\"noopener\"><strong>Moisolar Nordic Slope -kiinnityslaskin<\/strong><\/a>\u00a0m\u00e4\u00e4ritt\u00e4\u00e4ksesi tarvittavan m\u00e4\u00e4r\u00e4n kattokiinnikkeit\u00e4 asennukseesi.<\/p>","protected":false},"featured_media":1957,"template":"","meta":{"om_disable_all_campaigns":false,"_mi_skip_tracking":false,"_monsterinsights_sitenote_active":false,"_monsterinsights_sitenote_note":"","_monsterinsights_sitenote_category":0,"site-sidebar-layout":"default","site-content-layout":"default","ast-site-content-layout":"default","site-content-style":"default","site-sidebar-style":"default","ast-global-header-display":"","ast-banner-title-visibility":"","ast-main-header-display":"","ast-hfb-above-header-display":"","ast-hfb-below-header-display":"","ast-hfb-mobile-header-display":"","site-post-title":"","ast-breadcrumbs-content":"","ast-featured-img":"","footer-sml-layout":"","ast-disable-related-posts":"","theme-transparent-header-meta":"default","adv-header-id-meta":"","stick-header-meta":"","header-above-stick-meta":"","header-main-stick-meta":"","header-below-stick-meta":"","astra-migrate-meta-layouts":"set","ast-page-background-enabled":"default","ast-page-background-meta":{"desktop":{"background-color":"","background-image":"","background-repeat":"repeat","background-position":"center center","background-size":"auto","background-attachment":"scroll","background-type":"","background-media":"","overlay-type":"","overlay-color":"","overlay-opacity":"","overlay-gradient":""},"tablet":{"background-color":"","background-image":"","background-repeat":"repeat","background-position":"center center","background-size":"auto","background-attachment":"scroll","background-type":"","background-media":"","overlay-type":"","overlay-color":"","overlay-opacity":"","overlay-gradient":""},"mobile":{"background-color":"","background-image":"","background-repeat":"repeat","background-position":"center center","background-size":"auto","background-attachment":"scroll","background-type":"","background-media":"","overlay-type":"","overlay-color":"","overlay-opacity":"","overlay-gradient":""}},"ast-content-background-meta":{"desktop":{"background-color":"var(--ast-global-color-5)","background-image":"","background-repeat":"repeat","background-position":"center center","background-size":"auto","background-attachment":"scroll","background-type":"","background-media":"","overlay-type":"","overlay-color":"","overlay-opacity":"","overlay-gradient":""},"tablet":{"background-color":"var(--ast-global-color-5)","background-image":"","background-repeat":"repeat","background-position":"center center","background-size":"auto","background-attachment":"scroll","background-type":"","background-media":"","overlay-type":"","overlay-color":"","overlay-opacity":"","overlay-gradient":""},"mobile":{"background-color":"var(--ast-global-color-5)","background-image":"","background-repeat":"repeat","background-position":"center center","background-size":"auto","background-attachment":"scroll","background-type":"","background-media":"","overlay-type":"","overlay-color":"","overlay-opacity":"","overlay-gradient":""}}},"product_cat":[35],"product_tag":[],"class_list":{"0":"post-580","1":"product","2":"type-product","3":"status-publish","4":"has-post-thumbnail","6":"product_cat-nordic-slope","7":"desktop-align-center","8":"tablet-align-center","9":"mobile-align-center","11":"first","12":"instock","13":"shipping-taxable","14":"product-type-simple"},"yoast_head":"<!-- This site is optimized with the Yoast SEO plugin v24.7 - https:\/\/yoast.com\/wordpress\/plugins\/seo\/ -->\n<title>Slope roof bracket for lock-seamed metal roof (RB01, RB11) - Moisolar<\/title>\n<meta name=\"robots\" content=\"index, follow, max-snippet:-1, max-image-preview:large, max-video-preview:-1\" \/>\n<link rel=\"canonical\" href=\"https:\/\/moisolar.com\/fi\/product\/rb01\/\" \/>\n<meta property=\"og:locale\" content=\"fi_FI\" \/>\n<meta property=\"og:type\" content=\"article\" \/>\n<meta property=\"og:title\" content=\"Slope roof bracket for lock-seamed metal roof (RB01, RB11) - Moisolar\" \/>\n<meta property=\"og:description\" content=\"For lock seamed metal roof.  The attachment is easily done by tightening the bolts. With two bolts, the fastener stays securely attached around the roof seam.  Check the Moisolar\u00a0Nordic Slope Fixture Calculator\u00a0to determine the required amount of roof fixtures for your installation.\" \/>\n<meta property=\"og:url\" content=\"https:\/\/moisolar.com\/fi\/product\/rb01\/\" \/>\n<meta property=\"og:site_name\" content=\"Moisolar\" \/>\n<meta property=\"article:modified_time\" content=\"2025-08-05T19:55:49+00:00\" \/>\n<meta property=\"og:image\" content=\"https:\/\/moisolar.com\/wp-content\/uploads\/2024\/03\/RB11.jpg\" \/>\n\t<meta property=\"og:image:width\" content=\"1800\" \/>\n\t<meta property=\"og:image:height\" content=\"1194\" \/>\n\t<meta property=\"og:image:type\" content=\"image\/jpeg\" \/>\n<meta name=\"twitter:card\" content=\"summary_large_image\" \/>\n<meta name=\"twitter:label1\" content=\"Est. reading time\" \/>\n\t<meta name=\"twitter:data1\" content=\"1 minuutti\" \/>\n<script type=\"application\/ld+json\" class=\"yoast-schema-graph\">{\"@context\":\"https:\/\/schema.org\",\"@graph\":[{\"@type\":\"WebPage\",\"@id\":\"https:\/\/moisolar.com\/product\/rb01\/\",\"url\":\"https:\/\/moisolar.com\/product\/rb01\/\",\"name\":\"Slope roof bracket for lock-seamed metal roof (RB01, RB11) - Moisolar\",\"isPartOf\":{\"@id\":\"https:\/\/moisolar.com\/en\/#website\"},\"primaryImageOfPage\":{\"@id\":\"https:\/\/moisolar.com\/product\/rb01\/#primaryimage\"},\"image\":{\"@id\":\"https:\/\/moisolar.com\/product\/rb01\/#primaryimage\"},\"thumbnailUrl\":\"https:\/\/moisolar.com\/wp-content\/uploads\/2024\/03\/RB11.jpg\",\"datePublished\":\"2023-03-17T08:48:33+00:00\",\"dateModified\":\"2025-08-05T19:55:49+00:00\",\"breadcrumb\":{\"@id\":\"https:\/\/moisolar.com\/product\/rb01\/#breadcrumb\"},\"inLanguage\":\"fi\",\"potentialAction\":[{\"@type\":\"ReadAction\",\"target\":[\"https:\/\/moisolar.com\/product\/rb01\/\"]}]},{\"@type\":\"ImageObject\",\"inLanguage\":\"fi\",\"@id\":\"https:\/\/moisolar.com\/product\/rb01\/#primaryimage\",\"url\":\"https:\/\/moisolar.com\/wp-content\/uploads\/2024\/03\/RB11.jpg\",\"contentUrl\":\"https:\/\/moisolar.com\/wp-content\/uploads\/2024\/03\/RB11.jpg\",\"width\":1800,\"height\":1194},{\"@type\":\"BreadcrumbList\",\"@id\":\"https:\/\/moisolar.com\/product\/rb01\/#breadcrumb\",\"itemListElement\":[{\"@type\":\"ListItem\",\"position\":1,\"name\":\"Home\",\"item\":\"https:\/\/moisolar.com\/\"},{\"@type\":\"ListItem\",\"position\":2,\"name\":\"Products\",\"item\":\"https:\/\/moisolar.com\/en\/products\/\"},{\"@type\":\"ListItem\",\"position\":3,\"name\":\"Slope roof bracket for lock-seamed metal roof (RB01, RB11)\"}]},{\"@type\":\"WebSite\",\"@id\":\"https:\/\/moisolar.com\/en\/#website\",\"url\":\"https:\/\/moisolar.com\/en\/\",\"name\":\"Moisolar\",\"description\":\"Moisolar Oy | Aurinkopaneelin kiinnikkeet ja tasakattotelineet\",\"publisher\":{\"@id\":\"https:\/\/moisolar.com\/en\/#organization\"},\"potentialAction\":[{\"@type\":\"SearchAction\",\"target\":{\"@type\":\"EntryPoint\",\"urlTemplate\":\"https:\/\/moisolar.com\/en\/?s={search_term_string}\"},\"query-input\":{\"@type\":\"PropertyValueSpecification\",\"valueRequired\":true,\"valueName\":\"search_term_string\"}}],\"inLanguage\":\"fi\"},{\"@type\":\"Organization\",\"@id\":\"https:\/\/moisolar.com\/en\/#organization\",\"name\":\"Moisolar\",\"url\":\"https:\/\/moisolar.com\/en\/\",\"logo\":{\"@type\":\"ImageObject\",\"inLanguage\":\"fi\",\"@id\":\"https:\/\/moisolar.com\/en\/#\/schema\/logo\/image\/\",\"url\":\"https:\/\/moisolar.com\/wp-content\/uploads\/2023\/02\/cropped-Screenshot_2023-02-12_at_23.47.03-removebg-preview-2.png\",\"contentUrl\":\"https:\/\/moisolar.com\/wp-content\/uploads\/2023\/02\/cropped-Screenshot_2023-02-12_at_23.47.03-removebg-preview-2.png\",\"width\":1016,\"height\":246,\"caption\":\"Moisolar\"},\"image\":{\"@id\":\"https:\/\/moisolar.com\/en\/#\/schema\/logo\/image\/\"}}]}<\/script>\n<!-- \/ Yoast SEO plugin. -->","yoast_head_json":{"title":"Vinokattokannatin lukkosaumattuun metallikattoon (RB01, RB11) - Moisolar","robots":{"index":"index","follow":"follow","max-snippet":"max-snippet:-1","max-image-preview":"max-image-preview:large","max-video-preview":"max-video-preview:-1"},"canonical":"https:\/\/moisolar.com\/fi\/product\/rb01\/","og_locale":"fi_FI","og_type":"article","og_title":"Slope roof bracket for lock-seamed metal roof (RB01, RB11) - Moisolar","og_description":"For lock seamed metal roof.  The attachment is easily done by tightening the bolts. With two bolts, the fastener stays securely attached around the roof seam.  Check the Moisolar\u00a0Nordic Slope Fixture Calculator\u00a0to determine the required amount of roof fixtures for your installation.","og_url":"https:\/\/moisolar.com\/fi\/product\/rb01\/","og_site_name":"Moisolar","article_modified_time":"2025-08-05T19:55:49+00:00","og_image":[{"width":1800,"height":1194,"url":"https:\/\/moisolar.com\/wp-content\/uploads\/2024\/03\/RB11.jpg","type":"image\/jpeg"}],"twitter_card":"summary_large_image","twitter_misc":{"Est. reading time":"1 minuutti"},"schema":{"@context":"https:\/\/schema.org","@graph":[{"@type":"WebPage","@id":"https:\/\/moisolar.com\/product\/rb01\/","url":"https:\/\/moisolar.com\/product\/rb01\/","name":"Vinokattokannatin lukkosaumattuun metallikattoon (RB01, RB11) - Moisolar","isPartOf":{"@id":"https:\/\/moisolar.com\/en\/#website"},"primaryImageOfPage":{"@id":"https:\/\/moisolar.com\/product\/rb01\/#primaryimage"},"image":{"@id":"https:\/\/moisolar.com\/product\/rb01\/#primaryimage"},"thumbnailUrl":"https:\/\/moisolar.com\/wp-content\/uploads\/2024\/03\/RB11.jpg","datePublished":"2023-03-17T08:48:33+00:00","dateModified":"2025-08-05T19:55:49+00:00","breadcrumb":{"@id":"https:\/\/moisolar.com\/product\/rb01\/#breadcrumb"},"inLanguage":"fi","potentialAction":[{"@type":"ReadAction","target":["https:\/\/moisolar.com\/product\/rb01\/"]}]},{"@type":"ImageObject","inLanguage":"fi","@id":"https:\/\/moisolar.com\/product\/rb01\/#primaryimage","url":"https:\/\/moisolar.com\/wp-content\/uploads\/2024\/03\/RB11.jpg","contentUrl":"https:\/\/moisolar.com\/wp-content\/uploads\/2024\/03\/RB11.jpg","width":1800,"height":1194},{"@type":"BreadcrumbList","@id":"https:\/\/moisolar.com\/product\/rb01\/#breadcrumb","itemListElement":[{"@type":"ListItem","position":1,"name":"Home","item":"https:\/\/moisolar.com\/"},{"@type":"ListItem","position":2,"name":"Products","item":"https:\/\/moisolar.com\/en\/products\/"},{"@type":"ListItem","position":3,"name":"Slope roof bracket for lock-seamed metal roof (RB01, RB11)"}]},{"@type":"WebSite","@id":"https:\/\/moisolar.com\/en\/#website","url":"https:\/\/moisolar.com\/en\/","name":"Moisolar","description":"Moisolar Oy | Aurinkopaneelin kiinnikkeet ja tasakattotelineet","publisher":{"@id":"https:\/\/moisolar.com\/en\/#organization"},"potentialAction":[{"@type":"SearchAction","target":{"@type":"EntryPoint","urlTemplate":"https:\/\/moisolar.com\/en\/?s={search_term_string}"},"query-input":{"@type":"PropertyValueSpecification","valueRequired":true,"valueName":"search_term_string"}}],"inLanguage":"fi"},{"@type":"Organization","@id":"https:\/\/moisolar.com\/en\/#organization","name":"Moisolar","url":"https:\/\/moisolar.com\/en\/","logo":{"@type":"ImageObject","inLanguage":"fi","@id":"https:\/\/moisolar.com\/en\/#\/schema\/logo\/image\/","url":"https:\/\/moisolar.com\/wp-content\/uploads\/2023\/02\/cropped-Screenshot_2023-02-12_at_23.47.03-removebg-preview-2.png","contentUrl":"https:\/\/moisolar.com\/wp-content\/uploads\/2023\/02\/cropped-Screenshot_2023-02-12_at_23.47.03-removebg-preview-2.png","width":1016,"height":246,"caption":"Moisolar"},"image":{"@id":"https:\/\/moisolar.com\/en\/#\/schema\/logo\/image\/"}}]}},"_links":{"self":[{"href":"https:\/\/moisolar.com\/fi\/wp-json\/wp\/v2\/product\/580","targetHints":{"allow":["GET"]}}],"collection":[{"href":"https:\/\/moisolar.com\/fi\/wp-json\/wp\/v2\/product"}],"about":[{"href":"https:\/\/moisolar.com\/fi\/wp-json\/wp\/v2\/types\/product"}],"wp:featuredmedia":[{"embeddable":true,"href":"https:\/\/moisolar.com\/fi\/wp-json\/wp\/v2\/media\/1957"}],"wp:attachment":[{"href":"https:\/\/moisolar.com\/fi\/wp-json\/wp\/v2\/media?parent=580"}],"wp:term":[{"taxonomy":"product_cat","embeddable":true,"href":"https:\/\/moisolar.com\/fi\/wp-json\/wp\/v2\/product_cat?post=580"},{"taxonomy":"product_tag","embeddable":true,"href":"https:\/\/moisolar.com\/fi\/wp-json\/wp\/v2\/product_tag?post=580"}],"curies":[{"name":"wp","href":"https:\/\/api.w.org\/{rel}","templated":true}]}}