{"id":2040,"date":"2024-03-11T10:34:12","date_gmt":"2024-03-11T08:34:12","guid":{"rendered":"https:\/\/moisolar.com\/?page_id=2040"},"modified":"2024-03-11T14:21:02","modified_gmt":"2024-03-11T12:21:02","slug":"privacy-policy","status":"publish","type":"page","link":"https:\/\/moisolar.com\/sv\/integritetspolicy\/","title":{"rendered":"Integritetspolicy"},"content":{"rendered":"<div data-elementor-type=\"wp-page\" data-elementor-id=\"2040\" class=\"elementor elementor-2040\" data-elementor-post-type=\"page\">\n\t\t\t\t\t\t<section class=\"elementor-section elementor-top-section elementor-element elementor-element-7af6680 elementor-section-boxed elementor-section-height-default elementor-section-height-default wpr-particle-no wpr-jarallax-no wpr-parallax-no wpr-sticky-section-no\" data-id=\"7af6680\" data-element_type=\"section\">\n\t\t\t\t\t\t<div class=\"elementor-container elementor-column-gap-default\">\n\t\t\t\t\t<div class=\"elementor-column elementor-col-100 elementor-top-column elementor-element elementor-element-1d60aee\" data-id=\"1d60aee\" data-element_type=\"column\">\n\t\t\t<div class=\"elementor-widget-wrap elementor-element-populated\">\n\t\t\t\t\t\t<div class=\"elementor-element elementor-element-89c4a6b elementor-widget elementor-widget-heading\" data-id=\"89c4a6b\" data-element_type=\"widget\" data-widget_type=\"heading.default\">\n\t\t\t\t<div class=\"elementor-widget-container\">\n\t\t\t\t\t<h1 class=\"elementor-heading-title elementor-size-default\">Integritetspolicy<\/h1>\t\t\t\t<\/div>\n\t\t\t\t<\/div>\n\t\t\t\t\t<\/div>\n\t\t<\/div>\n\t\t\t\t\t<\/div>\n\t\t<\/section>\n\t\t\t\t<section class=\"elementor-section elementor-top-section elementor-element elementor-element-e51a77d elementor-section-boxed elementor-section-height-default elementor-section-height-default wpr-particle-no wpr-jarallax-no wpr-parallax-no wpr-sticky-section-no\" data-id=\"e51a77d\" data-element_type=\"section\">\n\t\t\t\t\t\t<div class=\"elementor-container elementor-column-gap-default\">\n\t\t\t\t\t<div class=\"elementor-column elementor-col-100 elementor-top-column elementor-element elementor-element-2216654\" data-id=\"2216654\" data-element_type=\"column\">\n\t\t\t<div class=\"elementor-widget-wrap elementor-element-populated\">\n\t\t\t\t\t\t<div class=\"elementor-element elementor-element-748f438 elementor-widget elementor-widget-heading\" data-id=\"748f438\" data-element_type=\"widget\" data-widget_type=\"heading.default\">\n\t\t\t\t<div class=\"elementor-widget-container\">\n\t\t\t\t\t<h2 class=\"elementor-heading-title elementor-size-default\">Integritetspolicy f\u00f6r solpanelskalkylator<\/h2>\t\t\t\t<\/div>\n\t\t\t\t<\/div>\n\t\t\t\t<div class=\"elementor-element elementor-element-d98eb47 elementor-widget elementor-widget-text-editor\" data-id=\"d98eb47\" data-element_type=\"widget\" data-widget_type=\"text-editor.default\">\n\t\t\t\t<div class=\"elementor-widget-container\">\n\t\t\t\t\t\t\t\t\t<p>V\u00e4lkommen till Moisolar Oy:s kalkylator f\u00f6r solpanelmontage. Din integritet \u00e4r mycket viktig f\u00f6r oss, och vi \u00e4r fast beslutna att skydda den genom att f\u00f6lja den allm\u00e4nna dataskyddsf\u00f6rordningen (GDPR) och andra till\u00e4mpliga dataskyddslagar.<\/p><h3>Information som vi samlar in och hur vi anv\u00e4nder den<\/h3><p>F\u00f6r att f\u00e5 tillg\u00e5ng till v\u00e5r kalkylator f\u00f6r solpaneler m\u00e5ste du ange viss personlig information, inklusive din:<\/p><ul><li>Namn<\/li><li>F\u00f6retagets namn<\/li><li>Telefonnummer<\/li><li>E-postadress<\/li><\/ul><p>Denna information samlas in f\u00f6r att f\u00f6rb\u00e4ttra din upplevelse, anpassa v\u00e5r kommunikation och f\u00f6rb\u00e4ttra v\u00e5ra tj\u00e4nster. Specifikt anv\u00e4nder vi denna information f\u00f6r:<\/p><ul><li>Tillhandah\u00e5lla tillg\u00e5ng till v\u00e5r kalkylator<\/li><li>Kontakta dig med uppdateringar, tj\u00e4nster eller erbjudanden som r\u00f6r dina intressen<\/li><li>F\u00f6rb\u00e4ttra v\u00e5ra produkter och tj\u00e4nster<\/li><\/ul><h3>R\u00e4ttslig grund f\u00f6r behandling<\/h3><p>Vi behandlar dina personuppgifter med st\u00f6d av f\u00f6ljande r\u00e4ttsliga grunder:<\/p><ul><li><strong>Samtycke<\/strong>: Genom att l\u00e4mna dina uppgifter och godk\u00e4nna denna policy har du frivilligt gett ditt uttryckliga samtycke till att vi behandlar dina personuppgifter f\u00f6r de angivna \u00e4ndam\u00e5len.<\/li><li><strong>Ber\u00e4ttigade intressen<\/strong>: Vi kan behandla dina uppgifter n\u00e4r det \u00e4r rimligt n\u00f6dv\u00e4ndigt f\u00f6r att uppn\u00e5 v\u00e5ra legitima aff\u00e4rsintressen (t.ex. f\u00f6r administrativa, bedr\u00e4geriuppt\u00e4ckande och juridiska \u00e4ndam\u00e5l).<\/li><\/ul><h3>Delning och \u00f6verf\u00f6ring av uppgifter<\/h3><p>Moisolar Oy delar inte dina personuppgifter med tredje part.<\/p><h3>Dina r\u00e4ttigheter<\/h3><p>Enligt GDPR har du olika r\u00e4ttigheter n\u00e4r det g\u00e4ller dina personuppgifter, bland annat:<\/p><ul><li><strong>Tillg\u00e5ng<\/strong>: Du kan beg\u00e4ra att f\u00e5 tillg\u00e5ng till de personuppgifter vi har om dig.<\/li><li><strong>R\u00e4ttelse<\/strong>: Du kan beg\u00e4ra r\u00e4ttelse av felaktiga personuppgifter.<\/li><li><strong>Radering<\/strong>: Du kan beg\u00e4ra att dina personuppgifter raderas fr\u00e5n v\u00e5ra register.<\/li><li><strong>Inv\u00e4ndning<\/strong>: Du kan inv\u00e4nda mot behandlingen av dina personuppgifter.<\/li><li><strong>Begr\u00e4nsning<\/strong>: Du kan beg\u00e4ra att behandlingen av dina personuppgifter begr\u00e4nsas.<\/li><li><strong>Dataportabilitet<\/strong>: Du kan beg\u00e4ra att dina uppgifter \u00f6verf\u00f6rs till en annan organisation.<\/li><\/ul><h3>Datas\u00e4kerhet<\/h3><p>Vi vidtar l\u00e4mpliga tekniska och organisatoriska \u00e5tg\u00e4rder f\u00f6r att skydda dina personuppgifter mot obeh\u00f6rig eller olaglig behandling och mot oavsiktlig f\u00f6rlust, f\u00f6rst\u00f6relse eller skada.<\/p><h3>\u00c4ndringar av denna policy<\/h3><p>Vi kan komma att uppdatera denna policy fr\u00e5n tid till annan. Vi uppmuntrar dig att regelbundet l\u00e4sa igenom denna sida f\u00f6r eventuella \u00e4ndringar.<\/p><h3>Samtycke<\/h3><p>Genom att anv\u00e4nda solpanelsfixturkalkylatorn och tillhandah\u00e5lla dina personuppgifter samtycker du till insamling, anv\u00e4ndning och delning av din information enligt beskrivningen i denna policy.<\/p><h3>Kontakta oss<\/h3><p>Om du har n\u00e5gra fr\u00e5gor om denna policy eller v\u00e5ra integritetsrutiner, v\u00e4nligen kontakta oss:<\/p><p>Moisolar Oy\u00a0<\/p><p>Y-tunnus 3345172-1\u00a0<\/p><p>Teknikv\u00e4gen 12, 02150 Esbo\u00a0<\/p><p>info@moisolar.com<\/p><p>+358 40 838 2368 (Joona Aitto-oja)<\/p>\t\t\t\t\t\t\t\t<\/div>\n\t\t\t\t<\/div>\n\t\t\t\t\t<\/div>\n\t\t<\/div>\n\t\t\t\t\t<\/div>\n\t\t<\/section>\n\t\t\t\t<\/div>","protected":false},"excerpt":{"rendered":"<p>Integritetspolicy Integritetspolicy f\u00f6r solpanelskalkylator V\u00e4lkommen till Moisolar Oy:s solpanelskalkylator. Din integritet \u00e4r mycket viktig f\u00f6r oss, och vi \u00e4r fast beslutna att skydda den genom att f\u00f6lja den allm\u00e4nna dataskyddsf\u00f6rordningen (GDPR) och andra till\u00e4mpliga dataskyddslagar. Information vi samlar in och hur vi anv\u00e4nder den F\u00f6r att f\u00e5 tillg\u00e5ng till v\u00e5r solpanelsfixturkalkylator m\u00e5ste du tillhandah\u00e5lla viss personlig information, inklusive din: Namn F\u00f6retagsnamn Telefonnummer E-postadress Denna information samlas in f\u00f6r att f\u00f6rb\u00e4ttra din upplevelse, anpassa v\u00e5r kommunikation och f\u00f6rb\u00e4ttra v\u00e5ra tj\u00e4nster. Specifikt anv\u00e4nder vi denna information f\u00f6r att: Ge tillg\u00e5ng till v\u00e5r kalkylator Kontakta dig med uppdateringar, tj\u00e4nster eller erbjudanden relaterade till dina intressen F\u00f6rb\u00e4ttra v\u00e5ra produkter och tj\u00e4nster R\u00e4ttslig grund f\u00f6r behandling Vi behandlar dina personuppgifter enligt f\u00f6ljande r\u00e4ttsliga grunder: Samtycke: Genom att tillhandah\u00e5lla din information och godk\u00e4nna denna policy har du frivilligt gett ditt uttryckliga samtycke till att vi behandlar dina personuppgifter f\u00f6r de angivna \u00e4ndam\u00e5len. Ber\u00e4ttigade intressen: Vi kan behandla dina uppgifter n\u00e4r det \u00e4r rimligt n\u00f6dv\u00e4ndigt f\u00f6r att uppn\u00e5 v\u00e5ra legitima aff\u00e4rsintressen (t.ex. f\u00f6r administrativa, bedr\u00e4geriuppt\u00e4ckande och juridiska \u00e4ndam\u00e5l). Delning och \u00f6verf\u00f6ring av uppgifter Moisolar Oy delar inte dina personuppgifter med tredje part. Dina r\u00e4ttigheter Enligt GDPR har du olika r\u00e4ttigheter n\u00e4r det g\u00e4ller dina personuppgifter, bland annat \u00c5tkomst: Du kan beg\u00e4ra tillg\u00e5ng till de personuppgifter som vi har om dig. R\u00e4ttelse: Du kan beg\u00e4ra r\u00e4ttelse av felaktiga personuppgifter. Radering: Du kan beg\u00e4ra att dina personuppgifter raderas fr\u00e5n v\u00e5ra register. Inv\u00e4ndning: Du kan inv\u00e4nda mot behandlingen av dina personuppgifter. Begr\u00e4nsning: Du kan beg\u00e4ra begr\u00e4nsning av behandlingen av dina personuppgifter. Dataportabilitet: Du kan beg\u00e4ra att dina uppgifter \u00f6verf\u00f6rs till en annan organisation. Datas\u00e4kerhet Vi genomf\u00f6r l\u00e4mpliga tekniska och organisatoriska \u00e5tg\u00e4rder f\u00f6r att skydda dina personuppgifter mot obeh\u00f6rig eller olaglig behandling och mot oavsiktlig f\u00f6rlust, f\u00f6rst\u00f6relse eller skada. \u00c4ndringar av denna policy Vi kan komma att uppdatera denna policy fr\u00e5n tid till annan. Vi uppmuntrar dig att regelbundet granska denna sida f\u00f6r eventuella \u00e4ndringar. Samtycke Genom att anv\u00e4nda Solar Panel Fixture Calculator och tillhandah\u00e5lla dina personuppgifter samtycker du till insamling, anv\u00e4ndning och delning av din information enligt beskrivningen i denna policy. Kontakta oss Om du har n\u00e5gra fr\u00e5gor om denna policy eller v\u00e5r sekretesspraxis, v\u00e4nligen kontakta oss: Moisolar Oy Y-tunnus 3345172-1 Tekniikantie 12, 02150 Espoo info@moisolar.com +358 40 838 2368 (Joona Aitto-oja)<\/p>","protected":false},"author":1,"featured_media":0,"parent":0,"menu_order":0,"comment_status":"closed","ping_status":"closed","template":"","meta":{"om_disable_all_campaigns":false,"_mi_skip_tracking":false,"_monsterinsights_sitenote_active":false,"_monsterinsights_sitenote_note":"","_monsterinsights_sitenote_category":0,"site-sidebar-layout":"no-sidebar","site-content-layout":"page-builder","ast-site-content-layout":"full-width-container","site-content-style":"default","site-sidebar-style":"default","ast-global-header-display":"","ast-banner-title-visibility":"","ast-main-header-display":"","ast-hfb-above-header-display":"","ast-hfb-below-header-display":"","ast-hfb-mobile-header-display":"","site-post-title":"disabled","ast-breadcrumbs-content":"","ast-featured-img":"disabled","footer-sml-layout":"","ast-disable-related-posts":"","theme-transparent-header-meta":"","adv-header-id-meta":"","stick-header-meta":"","header-above-stick-meta":"","header-main-stick-meta":"","header-below-stick-meta":"","astra-migrate-meta-layouts":"set","ast-page-background-enabled":"default","ast-page-background-meta":{"desktop":{"background-color":"","background-image":"","background-repeat":"repeat","background-position":"center center","background-size":"auto","background-attachment":"scroll","background-type":"","background-media":"","overlay-type":"","overlay-color":"","overlay-opacity":"","overlay-gradient":""},"tablet":{"background-color":"","background-image":"","background-repeat":"repeat","background-position":"center center","background-size":"auto","background-attachment":"scroll","background-type":"","background-media":"","overlay-type":"","overlay-color":"","overlay-opacity":"","overlay-gradient":""},"mobile":{"background-color":"","background-image":"","background-repeat":"repeat","background-position":"center center","background-size":"auto","background-attachment":"scroll","background-type":"","background-media":"","overlay-type":"","overlay-color":"","overlay-opacity":"","overlay-gradient":""}},"ast-content-background-meta":{"desktop":{"background-color":"var(--ast-global-color-5)","background-image":"","background-repeat":"repeat","background-position":"center center","background-size":"auto","background-attachment":"scroll","background-type":"","background-media":"","overlay-type":"","overlay-color":"","overlay-opacity":"","overlay-gradient":""},"tablet":{"background-color":"var(--ast-global-color-5)","background-image":"","background-repeat":"repeat","background-position":"center center","background-size":"auto","background-attachment":"scroll","background-type":"","background-media":"","overlay-type":"","overlay-color":"","overlay-opacity":"","overlay-gradient":""},"mobile":{"background-color":"var(--ast-global-color-5)","background-image":"","background-repeat":"repeat","background-position":"center center","background-size":"auto","background-attachment":"scroll","background-type":"","background-media":"","overlay-type":"","overlay-color":"","overlay-opacity":"","overlay-gradient":""}},"footnotes":""},"class_list":["post-2040","page","type-page","status-publish","hentry"],"yoast_head":"<!-- This site is optimized with the Yoast SEO plugin v24.7 - https:\/\/yoast.com\/wordpress\/plugins\/seo\/ -->\n<title>Privacy Policy - Moisolar<\/title>\n<meta name=\"robots\" content=\"index, follow, max-snippet:-1, max-image-preview:large, max-video-preview:-1\" \/>\n<link rel=\"canonical\" href=\"https:\/\/moisolar.com\/sv\/tietosuojakaytanto\/\" \/>\n<meta property=\"og:locale\" content=\"sv_SE\" \/>\n<meta property=\"og:type\" content=\"article\" \/>\n<meta property=\"og:title\" content=\"Privacy Policy - Moisolar\" \/>\n<meta property=\"og:description\" content=\"Privacy Policy Privacy Policy for Solar Panel Fixture Calculator Welcome to the Solar Panel Fixture Calculator at Moisolar Oy. Your privacy is critically important to us, and we are committed to protecting it through our compliance with the General Data Protection Regulation (GDPR) and other applicable data protection laws. Information We Collect and How We Use It To access our Solar Panel Fixture Calculator, we require you to provide certain personal information, including your: Name Company Name Phone Number Email Address This information is collected to enhance your experience, personalize our communication, and improve our services. Specifically, we use this information for: Providing access to our calculator Contacting you with updates, services, or offers related to your interests Improving our products and services Legal Basis for Processing We process your personal data under the following legal bases: Consent: By providing your information and agreeing to this policy, you have freely given your explicit consent for us to process your personal data for the specified purposes. Legitimate Interests: We may process your data when it is reasonably necessary to achieve our legitimate business interests (e.g., for administrative, fraud detection, and legal purposes). Data Sharing and Transfer Moisolar Oy does not share your personal data with third parties. Your Rights Under the GDPR, you have various rights regarding your personal data, including: Access: You can request access to the personal information we hold about you. Correction: You can request the correction of inaccurate personal information. Deletion: You can request the deletion of your personal information from our records. Objection: You can object to the processing of your personal data. Restriction: You can request the restriction of processing of your personal data. Data Portability: You can request the transfer of your data to another organization. Data Security We implement appropriate technical and organizational measures to protect your personal data against unauthorized or unlawful processing and against accidental loss, destruction, or damage. Changes to This Policy We may update this policy from time to time. We encourage you to review this page periodically for any changes. Consent By using the Solar Panel Fixture Calculator and providing your personal data, you consent to the collection, use, and sharing of your information as described in this policy. Contact Us If you have any questions about this policy or our privacy practices, please contact us: Moisolar Oy\u00a0 Y-tunnus 3345172-1\u00a0 Tekniikantie 12, 02150 Espoo\u00a0 info@moisolar.com +358 40 838 2368 (Joona Aitto-oja)\" \/>\n<meta property=\"og:url\" content=\"https:\/\/moisolar.com\/sv\/tietosuojakaytanto\/\" \/>\n<meta property=\"og:site_name\" content=\"Moisolar\" \/>\n<meta property=\"article:modified_time\" content=\"2024-03-11T12:21:02+00:00\" \/>\n<meta name=\"twitter:card\" content=\"summary_large_image\" \/>\n<meta name=\"twitter:label1\" content=\"Est. reading time\" \/>\n\t<meta name=\"twitter:data1\" content=\"2 minuter\" \/>\n<script type=\"application\/ld+json\" class=\"yoast-schema-graph\">{\"@context\":\"https:\/\/schema.org\",\"@graph\":[{\"@type\":\"WebPage\",\"@id\":\"https:\/\/moisolar.com\/fi\/tietosuojakaytanto\/\",\"url\":\"https:\/\/moisolar.com\/fi\/tietosuojakaytanto\/\",\"name\":\"Privacy Policy - Moisolar\",\"isPartOf\":{\"@id\":\"https:\/\/moisolar.com\/en\/#website\"},\"datePublished\":\"2024-03-11T08:34:12+00:00\",\"dateModified\":\"2024-03-11T12:21:02+00:00\",\"breadcrumb\":{\"@id\":\"https:\/\/moisolar.com\/fi\/tietosuojakaytanto\/#breadcrumb\"},\"inLanguage\":\"sv-SE\",\"potentialAction\":[{\"@type\":\"ReadAction\",\"target\":[\"https:\/\/moisolar.com\/fi\/tietosuojakaytanto\/\"]}]},{\"@type\":\"BreadcrumbList\",\"@id\":\"https:\/\/moisolar.com\/fi\/tietosuojakaytanto\/#breadcrumb\",\"itemListElement\":[{\"@type\":\"ListItem\",\"position\":1,\"name\":\"Home\",\"item\":\"https:\/\/moisolar.com\/\"},{\"@type\":\"ListItem\",\"position\":2,\"name\":\"Privacy Policy\"}]},{\"@type\":\"WebSite\",\"@id\":\"https:\/\/moisolar.com\/en\/#website\",\"url\":\"https:\/\/moisolar.com\/en\/\",\"name\":\"Moisolar\",\"description\":\"Moisolar Oy | Aurinkopaneelin kiinnikkeet ja tasakattotelineet\",\"publisher\":{\"@id\":\"https:\/\/moisolar.com\/en\/#organization\"},\"potentialAction\":[{\"@type\":\"SearchAction\",\"target\":{\"@type\":\"EntryPoint\",\"urlTemplate\":\"https:\/\/moisolar.com\/en\/?s={search_term_string}\"},\"query-input\":{\"@type\":\"PropertyValueSpecification\",\"valueRequired\":true,\"valueName\":\"search_term_string\"}}],\"inLanguage\":\"sv-SE\"},{\"@type\":\"Organization\",\"@id\":\"https:\/\/moisolar.com\/en\/#organization\",\"name\":\"Moisolar\",\"url\":\"https:\/\/moisolar.com\/en\/\",\"logo\":{\"@type\":\"ImageObject\",\"inLanguage\":\"sv-SE\",\"@id\":\"https:\/\/moisolar.com\/en\/#\/schema\/logo\/image\/\",\"url\":\"https:\/\/moisolar.com\/wp-content\/uploads\/2023\/02\/cropped-Screenshot_2023-02-12_at_23.47.03-removebg-preview-2.png\",\"contentUrl\":\"https:\/\/moisolar.com\/wp-content\/uploads\/2023\/02\/cropped-Screenshot_2023-02-12_at_23.47.03-removebg-preview-2.png\",\"width\":1016,\"height\":246,\"caption\":\"Moisolar\"},\"image\":{\"@id\":\"https:\/\/moisolar.com\/en\/#\/schema\/logo\/image\/\"}}]}<\/script>\n<!-- \/ Yoast SEO plugin. -->","yoast_head_json":{"title":"Integritetspolicy - Moisolar","robots":{"index":"index","follow":"follow","max-snippet":"max-snippet:-1","max-image-preview":"max-image-preview:large","max-video-preview":"max-video-preview:-1"},"canonical":"https:\/\/moisolar.com\/sv\/tietosuojakaytanto\/","og_locale":"sv_SE","og_type":"article","og_title":"Privacy Policy - Moisolar","og_description":"Privacy Policy Privacy Policy for Solar Panel Fixture Calculator Welcome to the Solar Panel Fixture Calculator at Moisolar Oy. Your privacy is critically important to us, and we are committed to protecting it through our compliance with the General Data Protection Regulation (GDPR) and other applicable data protection laws. Information We Collect and How We Use It To access our Solar Panel Fixture Calculator, we require you to provide certain personal information, including your: Name Company Name Phone Number Email Address This information is collected to enhance your experience, personalize our communication, and improve our services. Specifically, we use this information for: Providing access to our calculator Contacting you with updates, services, or offers related to your interests Improving our products and services Legal Basis for Processing We process your personal data under the following legal bases: Consent: By providing your information and agreeing to this policy, you have freely given your explicit consent for us to process your personal data for the specified purposes. Legitimate Interests: We may process your data when it is reasonably necessary to achieve our legitimate business interests (e.g., for administrative, fraud detection, and legal purposes). Data Sharing and Transfer Moisolar Oy does not share your personal data with third parties. Your Rights Under the GDPR, you have various rights regarding your personal data, including: Access: You can request access to the personal information we hold about you. Correction: You can request the correction of inaccurate personal information. Deletion: You can request the deletion of your personal information from our records. Objection: You can object to the processing of your personal data. Restriction: You can request the restriction of processing of your personal data. Data Portability: You can request the transfer of your data to another organization. Data Security We implement appropriate technical and organizational measures to protect your personal data against unauthorized or unlawful processing and against accidental loss, destruction, or damage. Changes to This Policy We may update this policy from time to time. We encourage you to review this page periodically for any changes. Consent By using the Solar Panel Fixture Calculator and providing your personal data, you consent to the collection, use, and sharing of your information as described in this policy. Contact Us If you have any questions about this policy or our privacy practices, please contact us: Moisolar Oy\u00a0 Y-tunnus 3345172-1\u00a0 Tekniikantie 12, 02150 Espoo\u00a0 info@moisolar.com +358 40 838 2368 (Joona Aitto-oja)","og_url":"https:\/\/moisolar.com\/sv\/tietosuojakaytanto\/","og_site_name":"Moisolar","article_modified_time":"2024-03-11T12:21:02+00:00","twitter_card":"summary_large_image","twitter_misc":{"Est. reading time":"2 minuter"},"schema":{"@context":"https:\/\/schema.org","@graph":[{"@type":"WebPage","@id":"https:\/\/moisolar.com\/fi\/tietosuojakaytanto\/","url":"https:\/\/moisolar.com\/fi\/tietosuojakaytanto\/","name":"Integritetspolicy - Moisolar","isPartOf":{"@id":"https:\/\/moisolar.com\/en\/#website"},"datePublished":"2024-03-11T08:34:12+00:00","dateModified":"2024-03-11T12:21:02+00:00","breadcrumb":{"@id":"https:\/\/moisolar.com\/fi\/tietosuojakaytanto\/#breadcrumb"},"inLanguage":"sv-SE","potentialAction":[{"@type":"ReadAction","target":["https:\/\/moisolar.com\/fi\/tietosuojakaytanto\/"]}]},{"@type":"BreadcrumbList","@id":"https:\/\/moisolar.com\/fi\/tietosuojakaytanto\/#breadcrumb","itemListElement":[{"@type":"ListItem","position":1,"name":"Home","item":"https:\/\/moisolar.com\/"},{"@type":"ListItem","position":2,"name":"Privacy Policy"}]},{"@type":"WebSite","@id":"https:\/\/moisolar.com\/en\/#website","url":"https:\/\/moisolar.com\/en\/","name":"Moisolar","description":"Moisolar Oy | Aurinkopaneelin kiinnikkeet ja tasakattotelineet","publisher":{"@id":"https:\/\/moisolar.com\/en\/#organization"},"potentialAction":[{"@type":"SearchAction","target":{"@type":"EntryPoint","urlTemplate":"https:\/\/moisolar.com\/en\/?s={search_term_string}"},"query-input":{"@type":"PropertyValueSpecification","valueRequired":true,"valueName":"search_term_string"}}],"inLanguage":"sv-SE"},{"@type":"Organization","@id":"https:\/\/moisolar.com\/en\/#organization","name":"Moisolar","url":"https:\/\/moisolar.com\/en\/","logo":{"@type":"ImageObject","inLanguage":"sv-SE","@id":"https:\/\/moisolar.com\/en\/#\/schema\/logo\/image\/","url":"https:\/\/moisolar.com\/wp-content\/uploads\/2023\/02\/cropped-Screenshot_2023-02-12_at_23.47.03-removebg-preview-2.png","contentUrl":"https:\/\/moisolar.com\/wp-content\/uploads\/2023\/02\/cropped-Screenshot_2023-02-12_at_23.47.03-removebg-preview-2.png","width":1016,"height":246,"caption":"Moisolar"},"image":{"@id":"https:\/\/moisolar.com\/en\/#\/schema\/logo\/image\/"}}]}},"_links":{"self":[{"href":"https:\/\/moisolar.com\/sv\/wp-json\/wp\/v2\/pages\/2040","targetHints":{"allow":["GET"]}}],"collection":[{"href":"https:\/\/moisolar.com\/sv\/wp-json\/wp\/v2\/pages"}],"about":[{"href":"https:\/\/moisolar.com\/sv\/wp-json\/wp\/v2\/types\/page"}],"author":[{"embeddable":true,"href":"https:\/\/moisolar.com\/sv\/wp-json\/wp\/v2\/users\/1"}],"replies":[{"embeddable":true,"href":"https:\/\/moisolar.com\/sv\/wp-json\/wp\/v2\/comments?post=2040"}],"version-history":[{"count":10,"href":"https:\/\/moisolar.com\/sv\/wp-json\/wp\/v2\/pages\/2040\/revisions"}],"predecessor-version":[{"id":2052,"href":"https:\/\/moisolar.com\/sv\/wp-json\/wp\/v2\/pages\/2040\/revisions\/2052"}],"wp:attachment":[{"href":"https:\/\/moisolar.com\/sv\/wp-json\/wp\/v2\/media?parent=2040"}],"curies":[{"name":"wp","href":"https:\/\/api.w.org\/{rel}","templated":true}]}}