{"id":2144,"date":"2024-03-19T15:12:18","date_gmt":"2024-03-19T13:12:18","guid":{"rendered":"https:\/\/moisolar.com\/?post_type=product&#038;p=2144"},"modified":"2025-08-05T21:52:48","modified_gmt":"2025-08-05T19:52:48","slug":"ts02","status":"publish","type":"product","link":"https:\/\/moisolar.com\/sv\/product\/ts02\/","title":{"rendered":"Fixtur f\u00f6r platt tak 3200 mm (TS02, TS12)"},"content":{"rendered":"<p><a style=\"display: inline-block; padding: 10px 20px; background-color: #4caf50; color: #fff; text-decoration: none; border-radius: 4px;\" href=\"https:\/\/moisolar.com\/leaflets\/\" target=\"_blank\" rel=\"noopener\">Broschyr och manual<\/a><\/p>","protected":false},"excerpt":{"rendered":"<p>Double triangle 15\u00b0<\/p>\n<p>Base 3200 mm<\/p>\n<p>TS12 with thicker rubber (15mm) under the base for better drainage.<\/p>\n<div class=\"elementor-column elementor-col-50 elementor-inner-column elementor-element elementor-element-a483fcd\" data-id=\"a483fcd\" data-element_type=\"column\" data-settings=\"{&quot;background_background&quot;:&quot;classic&quot;}\">\n<div class=\"elementor-widget-wrap elementor-element-populated\">\n<div class=\"elementor-element elementor-element-2155e1d elementor-widget elementor-widget-text-editor\" data-id=\"2155e1d\" data-element_type=\"widget\" data-widget_type=\"text-editor.default\">\n<div class=\"elementor-widget-container\">\n<p>Moisolar NORDIC FLAT S15L\u00ae takf\u00e4sten \u00e4r tillverkade av en speciell kolst\u00e5lslegering med patenterad JISCO\u00ae-bel\u00e4ggning. I JISCO\u00ae-metoden bel\u00e4ggs st\u00e5let med en zink-aluminium-magnesiumlegering genom varmf\u00f6rzinkning. Denna legeringsbel\u00e4ggning ger extra h\u00e5llbar korrosionsbest\u00e4ndighet, som \u00e4r cirka tre g\u00e5nger b\u00e4ttre \u00e4n normalt galvaniserat st\u00e5l.<\/p>\n<p>The Wind Load Calculator is an essential tool for the integration of Moisolar NORDIC FLAT\u00ae solar panel mounting system, designed to ensure optimal safety and efficiency.\u00a0<a href=\"https:\/\/moisolar.com\/en\/contact\/\" target=\"_blank\" rel=\"noopener\">Kontakta oss f\u00f6r att f\u00e5 veta mer om kalkylatorn.<\/a><\/p>\n<\/div>\n<\/div>\n<\/div>\n<\/div>\n<div id=\"gtx-trans\" style=\"position: absolute; left: 606px; top: 164.344px;\">\n<div class=\"gtx-trans-icon\"><\/div>\n<\/div>","protected":false},"featured_media":2732,"template":"","meta":{"om_disable_all_campaigns":false,"_mi_skip_tracking":false,"_monsterinsights_sitenote_active":false,"_monsterinsights_sitenote_note":"","_monsterinsights_sitenote_category":0,"site-sidebar-layout":"default","site-content-layout":"","ast-site-content-layout":"default","site-content-style":"default","site-sidebar-style":"default","ast-global-header-display":"","ast-banner-title-visibility":"","ast-main-header-display":"","ast-hfb-above-header-display":"","ast-hfb-below-header-display":"","ast-hfb-mobile-header-display":"","site-post-title":"","ast-breadcrumbs-content":"","ast-featured-img":"","footer-sml-layout":"","ast-disable-related-posts":"","theme-transparent-header-meta":"default","adv-header-id-meta":"","stick-header-meta":"","header-above-stick-meta":"","header-main-stick-meta":"","header-below-stick-meta":"","astra-migrate-meta-layouts":"set","ast-page-background-enabled":"default","ast-page-background-meta":{"desktop":{"background-color":"","background-image":"","background-repeat":"repeat","background-position":"center center","background-size":"auto","background-attachment":"scroll","background-type":"","background-media":"","overlay-type":"","overlay-color":"","overlay-opacity":"","overlay-gradient":""},"tablet":{"background-color":"","background-image":"","background-repeat":"repeat","background-position":"center center","background-size":"auto","background-attachment":"scroll","background-type":"","background-media":"","overlay-type":"","overlay-color":"","overlay-opacity":"","overlay-gradient":""},"mobile":{"background-color":"","background-image":"","background-repeat":"repeat","background-position":"center center","background-size":"auto","background-attachment":"scroll","background-type":"","background-media":"","overlay-type":"","overlay-color":"","overlay-opacity":"","overlay-gradient":""}},"ast-content-background-meta":{"desktop":{"background-color":"var(--ast-global-color-5)","background-image":"","background-repeat":"repeat","background-position":"center center","background-size":"auto","background-attachment":"scroll","background-type":"","background-media":"","overlay-type":"","overlay-color":"","overlay-opacity":"","overlay-gradient":""},"tablet":{"background-color":"var(--ast-global-color-5)","background-image":"","background-repeat":"repeat","background-position":"center center","background-size":"auto","background-attachment":"scroll","background-type":"","background-media":"","overlay-type":"","overlay-color":"","overlay-opacity":"","overlay-gradient":""},"mobile":{"background-color":"var(--ast-global-color-5)","background-image":"","background-repeat":"repeat","background-position":"center center","background-size":"auto","background-attachment":"scroll","background-type":"","background-media":"","overlay-type":"","overlay-color":"","overlay-opacity":"","overlay-gradient":""}}},"product_cat":[37,38],"product_tag":[],"class_list":{"0":"post-2144","1":"product","2":"type-product","3":"status-publish","4":"has-post-thumbnail","6":"product_cat-nordic-flat","7":"product_cat-nordic-flat-east-west-portrait-15","8":"desktop-align-center","9":"tablet-align-center","10":"mobile-align-center","12":"first","13":"instock","14":"shipping-taxable","15":"product-type-simple"},"yoast_head":"<!-- This site is optimized with the Yoast SEO plugin v24.7 - https:\/\/yoast.com\/wordpress\/plugins\/seo\/ -->\n<title>Flat roof fixture 3200mm (TS02, TS12) - Moisolar<\/title>\n<meta name=\"robots\" content=\"index, follow, max-snippet:-1, max-image-preview:large, max-video-preview:-1\" \/>\n<link rel=\"canonical\" href=\"https:\/\/moisolar.com\/sv\/?attachment_id=2141\/\" \/>\n<meta property=\"og:locale\" content=\"sv_SE\" \/>\n<meta property=\"og:type\" content=\"article\" \/>\n<meta property=\"og:title\" content=\"Flat roof fixture 3200mm (TS02, TS12) - Moisolar\" \/>\n<meta property=\"og:description\" content=\"Double triangle 15\u00b0  Base 3200 mm  TS12 with thicker rubber (15mm) under the base for better drainage.      The material of the flat roof fixture is carbon steel, which has been specially coated using the JISCO\u00ae method. In the JISCO\u00ae hot-dip galvanizing method, the steel plate is coated with a zinc-aluminum-magnesium mixture. The alloy guarantees particularly strong corrosion resistance, which is up to 3 times better than galvanized steel.  The Wind Load Calculator is an essential tool for the integration of Moisolar NORDIC FLAT\u00ae solar panel mounting system, designed to ensure optimal safety and efficiency.\u00a0Contact us to learn more about the calculator.\" \/>\n<meta property=\"og:url\" content=\"https:\/\/moisolar.com\/sv\/?attachment_id=2141\/\" \/>\n<meta property=\"og:site_name\" content=\"Moisolar\" \/>\n<meta property=\"article:modified_time\" content=\"2025-08-05T19:52:48+00:00\" \/>\n<meta property=\"og:image\" content=\"https:\/\/moisolar.com\/wp-content\/uploads\/2024\/03\/TS02_.jpeg\" \/>\n\t<meta property=\"og:image:width\" content=\"577\" \/>\n\t<meta property=\"og:image:height\" content=\"433\" \/>\n\t<meta property=\"og:image:type\" content=\"image\/jpeg\" \/>\n<meta name=\"twitter:card\" content=\"summary_large_image\" \/>\n<meta name=\"twitter:label1\" content=\"Est. reading time\" \/>\n\t<meta name=\"twitter:data1\" content=\"1 minut\" \/>\n<script type=\"application\/ld+json\" class=\"yoast-schema-graph\">{\"@context\":\"https:\/\/schema.org\",\"@graph\":[{\"@type\":\"WebPage\",\"@id\":\"https:\/\/moisolar.com\/tuote\/ts02\/\",\"url\":\"https:\/\/moisolar.com\/tuote\/ts02\/\",\"name\":\"Flat roof fixture 3200mm (TS02, TS12) - Moisolar\",\"isPartOf\":{\"@id\":\"https:\/\/moisolar.com\/en\/#website\"},\"primaryImageOfPage\":{\"@id\":\"https:\/\/moisolar.com\/tuote\/ts02\/#primaryimage\"},\"image\":{\"@id\":\"https:\/\/moisolar.com\/tuote\/ts02\/#primaryimage\"},\"thumbnailUrl\":\"https:\/\/moisolar.com\/wp-content\/uploads\/2024\/03\/TS02_.jpeg\",\"datePublished\":\"2024-03-19T13:12:18+00:00\",\"dateModified\":\"2025-08-05T19:52:48+00:00\",\"breadcrumb\":{\"@id\":\"https:\/\/moisolar.com\/tuote\/ts02\/#breadcrumb\"},\"inLanguage\":\"sv-SE\",\"potentialAction\":[{\"@type\":\"ReadAction\",\"target\":[\"https:\/\/moisolar.com\/tuote\/ts02\/\"]}]},{\"@type\":\"ImageObject\",\"inLanguage\":\"sv-SE\",\"@id\":\"https:\/\/moisolar.com\/tuote\/ts02\/#primaryimage\",\"url\":\"https:\/\/moisolar.com\/wp-content\/uploads\/2024\/03\/TS02_.jpeg\",\"contentUrl\":\"https:\/\/moisolar.com\/wp-content\/uploads\/2024\/03\/TS02_.jpeg\",\"width\":577,\"height\":433},{\"@type\":\"BreadcrumbList\",\"@id\":\"https:\/\/moisolar.com\/tuote\/ts02\/#breadcrumb\",\"itemListElement\":[{\"@type\":\"ListItem\",\"position\":1,\"name\":\"Home\",\"item\":\"https:\/\/moisolar.com\/\"},{\"@type\":\"ListItem\",\"position\":2,\"name\":\"Products\",\"item\":\"https:\/\/moisolar.com\/en\/products\/\"},{\"@type\":\"ListItem\",\"position\":3,\"name\":\"Flat roof fixture 3200mm (TS02, TS12)\"}]},{\"@type\":\"WebSite\",\"@id\":\"https:\/\/moisolar.com\/en\/#website\",\"url\":\"https:\/\/moisolar.com\/en\/\",\"name\":\"Moisolar\",\"description\":\"Moisolar Oy | Aurinkopaneelin kiinnikkeet ja tasakattotelineet\",\"publisher\":{\"@id\":\"https:\/\/moisolar.com\/en\/#organization\"},\"potentialAction\":[{\"@type\":\"SearchAction\",\"target\":{\"@type\":\"EntryPoint\",\"urlTemplate\":\"https:\/\/moisolar.com\/en\/?s={search_term_string}\"},\"query-input\":{\"@type\":\"PropertyValueSpecification\",\"valueRequired\":true,\"valueName\":\"search_term_string\"}}],\"inLanguage\":\"sv-SE\"},{\"@type\":\"Organization\",\"@id\":\"https:\/\/moisolar.com\/en\/#organization\",\"name\":\"Moisolar\",\"url\":\"https:\/\/moisolar.com\/en\/\",\"logo\":{\"@type\":\"ImageObject\",\"inLanguage\":\"sv-SE\",\"@id\":\"https:\/\/moisolar.com\/en\/#\/schema\/logo\/image\/\",\"url\":\"https:\/\/moisolar.com\/wp-content\/uploads\/2023\/02\/cropped-Screenshot_2023-02-12_at_23.47.03-removebg-preview-2.png\",\"contentUrl\":\"https:\/\/moisolar.com\/wp-content\/uploads\/2023\/02\/cropped-Screenshot_2023-02-12_at_23.47.03-removebg-preview-2.png\",\"width\":1016,\"height\":246,\"caption\":\"Moisolar\"},\"image\":{\"@id\":\"https:\/\/moisolar.com\/en\/#\/schema\/logo\/image\/\"}}]}<\/script>\n<!-- \/ Yoast SEO plugin. -->","yoast_head_json":{"title":"Flat roof fixture 3200mm (TS02, TS12) - Moisolar","robots":{"index":"index","follow":"follow","max-snippet":"max-snippet:-1","max-image-preview":"max-image-preview:large","max-video-preview":"max-video-preview:-1"},"canonical":"https:\/\/moisolar.com\/sv\/?attachment_id=2141\/","og_locale":"sv_SE","og_type":"article","og_title":"Flat roof fixture 3200mm (TS02, TS12) - Moisolar","og_description":"Double triangle 15\u00b0  Base 3200 mm  TS12 with thicker rubber (15mm) under the base for better drainage.      The material of the flat roof fixture is carbon steel, which has been specially coated using the JISCO\u00ae method. In the JISCO\u00ae hot-dip galvanizing method, the steel plate is coated with a zinc-aluminum-magnesium mixture. The alloy guarantees particularly strong corrosion resistance, which is up to 3 times better than galvanized steel.  The Wind Load Calculator is an essential tool for the integration of Moisolar NORDIC FLAT\u00ae solar panel mounting system, designed to ensure optimal safety and efficiency.\u00a0Contact us to learn more about the calculator.","og_url":"https:\/\/moisolar.com\/sv\/?attachment_id=2141\/","og_site_name":"Moisolar","article_modified_time":"2025-08-05T19:52:48+00:00","og_image":[{"width":577,"height":433,"url":"https:\/\/moisolar.com\/wp-content\/uploads\/2024\/03\/TS02_.jpeg","type":"image\/jpeg"}],"twitter_card":"summary_large_image","twitter_misc":{"Est. reading time":"1 minut"},"schema":{"@context":"https:\/\/schema.org","@graph":[{"@type":"WebPage","@id":"https:\/\/moisolar.com\/tuote\/ts02\/","url":"https:\/\/moisolar.com\/tuote\/ts02\/","name":"Flat roof fixture 3200mm (TS02, TS12) - Moisolar","isPartOf":{"@id":"https:\/\/moisolar.com\/en\/#website"},"primaryImageOfPage":{"@id":"https:\/\/moisolar.com\/tuote\/ts02\/#primaryimage"},"image":{"@id":"https:\/\/moisolar.com\/tuote\/ts02\/#primaryimage"},"thumbnailUrl":"https:\/\/moisolar.com\/wp-content\/uploads\/2024\/03\/TS02_.jpeg","datePublished":"2024-03-19T13:12:18+00:00","dateModified":"2025-08-05T19:52:48+00:00","breadcrumb":{"@id":"https:\/\/moisolar.com\/tuote\/ts02\/#breadcrumb"},"inLanguage":"sv-SE","potentialAction":[{"@type":"ReadAction","target":["https:\/\/moisolar.com\/tuote\/ts02\/"]}]},{"@type":"ImageObject","inLanguage":"sv-SE","@id":"https:\/\/moisolar.com\/tuote\/ts02\/#primaryimage","url":"https:\/\/moisolar.com\/wp-content\/uploads\/2024\/03\/TS02_.jpeg","contentUrl":"https:\/\/moisolar.com\/wp-content\/uploads\/2024\/03\/TS02_.jpeg","width":577,"height":433},{"@type":"BreadcrumbList","@id":"https:\/\/moisolar.com\/tuote\/ts02\/#breadcrumb","itemListElement":[{"@type":"ListItem","position":1,"name":"Home","item":"https:\/\/moisolar.com\/"},{"@type":"ListItem","position":2,"name":"Products","item":"https:\/\/moisolar.com\/en\/products\/"},{"@type":"ListItem","position":3,"name":"Flat roof fixture 3200mm (TS02, TS12)"}]},{"@type":"WebSite","@id":"https:\/\/moisolar.com\/en\/#website","url":"https:\/\/moisolar.com\/en\/","name":"Moisolar","description":"Moisolar Oy | Aurinkopaneelin kiinnikkeet ja tasakattotelineet","publisher":{"@id":"https:\/\/moisolar.com\/en\/#organization"},"potentialAction":[{"@type":"SearchAction","target":{"@type":"EntryPoint","urlTemplate":"https:\/\/moisolar.com\/en\/?s={search_term_string}"},"query-input":{"@type":"PropertyValueSpecification","valueRequired":true,"valueName":"search_term_string"}}],"inLanguage":"sv-SE"},{"@type":"Organization","@id":"https:\/\/moisolar.com\/en\/#organization","name":"Moisolar","url":"https:\/\/moisolar.com\/en\/","logo":{"@type":"ImageObject","inLanguage":"sv-SE","@id":"https:\/\/moisolar.com\/en\/#\/schema\/logo\/image\/","url":"https:\/\/moisolar.com\/wp-content\/uploads\/2023\/02\/cropped-Screenshot_2023-02-12_at_23.47.03-removebg-preview-2.png","contentUrl":"https:\/\/moisolar.com\/wp-content\/uploads\/2023\/02\/cropped-Screenshot_2023-02-12_at_23.47.03-removebg-preview-2.png","width":1016,"height":246,"caption":"Moisolar"},"image":{"@id":"https:\/\/moisolar.com\/en\/#\/schema\/logo\/image\/"}}]}},"_links":{"self":[{"href":"https:\/\/moisolar.com\/sv\/wp-json\/wp\/v2\/product\/2144","targetHints":{"allow":["GET"]}}],"collection":[{"href":"https:\/\/moisolar.com\/sv\/wp-json\/wp\/v2\/product"}],"about":[{"href":"https:\/\/moisolar.com\/sv\/wp-json\/wp\/v2\/types\/product"}],"wp:featuredmedia":[{"embeddable":true,"href":"https:\/\/moisolar.com\/sv\/wp-json\/wp\/v2\/media\/2732"}],"wp:attachment":[{"href":"https:\/\/moisolar.com\/sv\/wp-json\/wp\/v2\/media?parent=2144"}],"wp:term":[{"taxonomy":"product_cat","embeddable":true,"href":"https:\/\/moisolar.com\/sv\/wp-json\/wp\/v2\/product_cat?post=2144"},{"taxonomy":"product_tag","embeddable":true,"href":"https:\/\/moisolar.com\/sv\/wp-json\/wp\/v2\/product_tag?post=2144"}],"curies":[{"name":"wp","href":"https:\/\/api.w.org\/{rel}","templated":true}]}}